{"id":7426,"date":"2025-04-13T12:10:48","date_gmt":"2025-04-13T10:10:48","guid":{"rendered":"https:\/\/sklep.futurebody.pl\/?page_id=7426"},"modified":"2025-07-23T23:33:09","modified_gmt":"2025-07-23T21:33:09","slug":"regulamin-sklepu","status":"publish","type":"page","link":"https:\/\/sklep.futurebody.pl\/de\/regulamin-sklepu\/","title":{"rendered":"Gesch\u00e4ftsordnung"},"content":{"rendered":"<div data-elementor-type=\"wp-page\" data-elementor-id=\"7426\" class=\"elementor elementor-7426\">\n\t\t\t\t\t\t<section class=\"elementor-section elementor-top-section elementor-element elementor-element-5d372386 elementor-section-boxed elementor-section-height-default elementor-section-height-default\" data-id=\"5d372386\" data-element_type=\"section\">\n\t\t\t\t\t\t<div class=\"elementor-container elementor-column-gap-wider\">\n\t\t\t\t\t<div class=\"elementor-column elementor-col-100 elementor-top-column elementor-element elementor-element-7222d812 elementor-invisible\" data-id=\"7222d812\" data-element_type=\"column\" data-settings=\"{&quot;animation&quot;:&quot;fadeIn&quot;,&quot;animation_delay&quot;:200}\">\n\t\t\t<div class=\"elementor-widget-wrap elementor-element-populated\">\n\t\t\t\t\t\t<div class=\"elementor-element elementor-element-f6b0aa1 elementor-widget elementor-widget-heading\" data-id=\"f6b0aa1\" data-element_type=\"widget\" data-widget_type=\"heading.default\">\n\t\t\t\t<div class=\"elementor-widget-container\">\n\t\t\t\t\t<h1 class=\"elementor-heading-title elementor-size-default\">Regulamin sklepu Futurebody<\/h1>\t\t\t\t<\/div>\n\t\t\t\t<\/div>\n\t\t\t\t<div class=\"elementor-element elementor-element-af8e831 elementor-widget elementor-widget-text-editor\" data-id=\"af8e831\" data-element_type=\"widget\" data-widget_type=\"text-editor.default\">\n\t\t\t\t<div class=\"elementor-widget-container\">\n\t\t\t\t\t\t\t\t\t<h2>\u00a71 Postanowienia og\u00f3lne<\/h2><ol><li>Niniejszy regulamin, zwany dalej \u201cRegulaminem\u201d, okre\u015bla zasady korzystania z serwisu i sklepu internetowego znajduj\u0105cego si\u0119 pod adresem internetowym: sklep.futurebody.pl, zwanego dalej \u201cSklepem\u201d.<\/li><li>Sklep jest prowadzony przez firm\u0119: Domar Dorota Ka\u017amierczak z siedzib\u0105 we Wroc\u0142awiu, ul. Robotnicza 66A, numer NIP: 615-151-76-55, zwan\u0105 dalej \u201cAdministratorem sklepu\u201d.<\/li><li>Ka\u017cda osoba fizyczna \u2013 posiadaj\u0105ca pe\u0142n\u0105 zdolno\u015b\u0107 do czynno\u015bci prawnych, osoba prawna lub jednostka organizacyjna nieposiadaj\u0105ca zdolno\u015bci prawnej, kt\u00f3rej ustawa przyznaje zdolno\u015b\u0107 prawn\u0105 \u2013\u00a0 zainteresowana korzystaniem ze Sklepu, dokonuj\u0105c rejestracji w Sklepie lub sk\u0142adaj\u0105c zam\u00f3wienie, staje si\u0119 jego Klientem i o\u015bwiadcza (poprzez zaznaczenie odpowiedniego checkboxu), \u017ce zapozna\u0142a si\u0119 z Regulaminem i zobowi\u0105zuje si\u0119 do jego przestrzegania.<\/li><li>Klient mo\u017ce kontaktowa\u0107 si\u0119 z Administratorem Sklepu w szczeg\u00f3lno\u015bci:<ul><li>za po\u015brednictwem poczty elektronicznej, na adres: sklep@futurebody.pl<\/li><li>lub za po\u015brednictwem formularza dost\u0119pnego na stronie: https:\/\/sklep.futurebody.pl\/kontakt\/<\/li><\/ul><\/li><li>Wszystkie ceny podawane na stronach Sklepu s\u0105 w z\u0142otych polskich, euro lub funtach (w zale\u017cno\u015bci od wyboru waluty) i s\u0105 cenami brutto. Cena nie zawiera koszt\u00f3w dostawy.<\/li><li>Promocje oferowane przez Sklep nie \u0142\u0105cz\u0105 si\u0119. Klient mo\u017ce skorzysta\u0107 tylko z jednej promocji, chyba, \u017ce regulamin promocji wyra\u017anie przewiduje mo\u017cliwo\u015b\u0107 \u0142\u0105cznego korzystania z kilku promocji.<\/li><\/ol><h2>\u00a72 Produkty<\/h2><ol><li>Za po\u015brednictwem Sklepu prowadzona jest sprzeda\u017c suplement\u00f3w diety i odzie\u017cy zwanych dalej \u201cProduktami\u201d.<\/li><li>Sklep zastrzega sobie prawo zmiany informacji dotycz\u0105cych produkt\u00f3w w ka\u017cdym czasie, ewentualne zmiany nie obejmuj\u0105 z\u0142o\u017conych ju\u017c zam\u00f3wie\u0144.<\/li><\/ol><h2>\u00a73 Sk\u0142adanie zam\u00f3wie\u0144<\/h2><ol><li>Warunkiem dokonania zakupu Produktu jest wype\u0142nienie formularza zam\u00f3wienia na stronie internetowej Sklepu.<\/li><li>Klient jest zobowi\u0105zany wype\u0142ni\u0107 formularz zam\u00f3wienia w spos\u00f3b kompletny i poprawny, podaj\u0105c dane zgodne ze stanem faktycznym.<\/li><li>Zam\u00f3wienia mo\u017cna sk\u0142ada\u0107 ca\u0142odobowo.<\/li><li>W ci\u0105gu 24 godzin Sklep informuje Klienta o otrzymaniu zam\u00f3wienia przesy\u0142aj\u0105c na adres poczty elektronicznej Klienta stosowne potwierdzenie.<\/li><li>Zam\u00f3wienie uwa\u017ca si\u0119 za przyj\u0119te do realizacji po potwierdzeniu przez Sklep przyj\u0119cia zam\u00f3wienia z\u0142o\u017conego przez Klienta.<\/li><li>Klient i Sklep zwi\u0105zani s\u0105 cen\u0105 Produktu obowi\u0105zuj\u0105c\u0105 (widoczn\u0105 w opisie Produktu) w chwili z\u0142o\u017cenia zam\u00f3wienia przez Klienta.<\/li><\/ol><h2>\u00a74 P\u0142atno\u015bci i realizacja zam\u00f3wie\u0144<\/h2><ol><li>W Sklepie honorowane s\u0105 nast\u0119puj\u0105ce formy p\u0142atno\u015bci:<ul><li><strong>przelew internetowy<\/strong> \u2013 zap\u0142ata realizowana jest za po\u015brednictwem systemu p\u0142atno\u015bci PayU w czasie rzeczywistym; zam\u00f3wienie jest realizowane po odnotowaniu wp\u0142ywu warto\u015bci zam\u00f3wienia na konto Sklepu w systemie PayU.<\/li><li><strong>p\u0142atno\u015b\u0107 kart\u0105<\/strong> \u2013 zap\u0142ata realizowana jest za po\u015brednictwem systemu p\u0142atno\u015bci Stripe w czasie rzeczywistym; zam\u00f3wienie jest realizowane po odnotowaniu wp\u0142ywu warto\u015bci zam\u00f3wienia na konto Sklepu w systemie Stripe.<\/li><li><strong>przelew bankowy<\/strong> \u2013 zap\u0142ata nast\u0119puje poprzez z\u0142o\u017cenie przez Klienta przelewu warto\u015bci zam\u00f3wienia na konto bankowe Sklepu podane po z\u0142o\u017ceniu zam\u00f3wienia.<\/li><\/ul><\/li><li>W przypadku braku zap\u0142aty za zam\u00f3wiony Produkt w terminie 5 dni roboczych od daty z\u0142o\u017cenia zam\u00f3wienia, zam\u00f3wienie jest anulowane.<\/li><li>Realizacja zam\u00f3wienia nast\u0119puje niezw\u0142ocznie po zaksi\u0119gowaniu p\u0142atno\u015bci.<\/li><\/ol><h2>\u00a75 Koszty i termin wysy\u0142ki<\/h2><ol><li>Towar wysy\u0142any jest pod adres wskazany w Formularzu Zam\u00f3wienia<\/li><li>Koszty dostawy Produktu nie jest wliczony w cen\u0119 produktu. Koszty dostawy s\u0105 ustalane w trakcie procesu sk\u0142adania Zam\u00f3wienia i s\u0105 uzale\u017cnione od wyboru sposobu p\u0142atno\u015bci oraz sposobu dostawy zakupionego Produktu.<\/li><li>Koszt dostawy dost\u0119pny jest na stronie sklep.futurebody.pl\/dostawa.<\/li><li>Zakupione w Sklepie Produkty s\u0105 wysy\u0142ane za po\u015brednictwem:InPost-u (paczkomaty), InPost(kurier),<\/li><li>Na termin dostawy Produktu sk\u0142ada si\u0119 czas kompletowania Produktu oraz czas dostawy Produktu przez przewo\u017anika:<ul><li>Czas kompletowania Produktu wynosi od 1 do 2 Dni Roboczych.<\/li><li>Dostawa Produktu przez przewo\u017anika (Kurier Inpost, Paczkomat Inpost, Poczta Polska) nast\u0119puje w terminie przez niego deklarowanym tj. od 1 do 3 Dni Roboczych (dostawa nast\u0119puje wy\u0142\u0105cznie w Dni Robocze z wy\u0142\u0105czeniem sob\u00f3t, niedziel i \u015bwi\u0105t). Dla wysy\u0142ki zagranicznej poleconej RR czas dor\u0119czenia wynosi od 10 do 21 Dni Roboczych.<\/li><li>Maksymalny czas realizacji zam\u00f3wienia nie mo\u017ce by\u0107 d\u0142u\u017cszy ni\u017c 30 dni.<\/li><\/ul><\/li><\/ol><h2>\u00a76 Prawo odst\u0105pienia od umowy i Polityka zwrot\u00f3w<\/h2><ol><li>Klient b\u0119d\u0105cy jednocze\u015bnie Konsumentem, kt\u00f3ry zawar\u0142 umow\u0119 na odleg\u0142o\u015b\u0107, mo\u017ce od niej odst\u0105pi\u0107 bez podania przyczyn. sk\u0142adaj\u0105c stosowne o\u015bwiadczenie (wiadomo\u015b\u0107 informacyjn\u0105 o odst\u0105pieniu od umowy) drog\u0105 elektroniczn\u0105 na adres sklep@futurebody.pl w terminie 14 dni.<\/li><li>Bieg terminu okre\u015blonego w ust. 1 rozpoczyna si\u0119 od dostarczenia Produktu Konsumentowi lub wskazanej przez niego osobie innej ni\u017c przewo\u017anik.<\/li><li>W razie odst\u0105pienia od umowy, Umowa Sprzeda\u017cy jest uwa\u017cana za niezawart\u0105, a Konsument jest zwolniony z wszelkich zobowi\u0105za\u0144. To, co strony \u015bwiadczy\u0142y, ulega zwrotowi w stanie niezmienionym, chyba, \u017ce zmiana by\u0142a konieczna w granicach zwyk\u0142ego zarz\u0105du. Zwrot powinien nast\u0105pi\u0107 niezw\u0142ocznie, nie p\u00f3\u017aniej ni\u017c w terminie 14 dni.<\/li><li>Konsument ponosi odpowiedzialno\u015b\u0107 za zmniejszenie warto\u015bci Produktu b\u0119d\u0105ce wynikiem korzystania z niego w spos\u00f3b wykraczaj\u0105cy poza konieczny do stwierdzenia charakteru, cech i funkcjonowania Produktu.<\/li><li>Konsument nie ma prawa do odst\u0105pienia od umowy w przypadku kiedy przedmiot umowy (zakupiony produkt w sklep.futurebody.pl) uleg\u0142 zniszczeniu z winy konsumenta.<\/li><li>Sprzedawca dokona zwrotu warto\u015bci Produktu wraz z kosztami jego dostawy przy u\u017cyciu takiego samego sposobu zap\u0142aty, jakiego u\u017cy\u0142 Konsument chyba \u017ce Konsument wyra\u017anie zgodzi\u0142 si\u0119 na inny spos\u00f3b zwrotu, kt\u00f3ry nie wi\u0105\u017ce si\u0119 dla niego z \u017cadnymi kosztami.<\/li><li>Sprzedawca nie zwraca koszt\u00f3w wysy\u0142ki, a tylko reklamowanego produktu.<\/li><li>Konsument odst\u0119puj\u0105cy od Umowy Sprzeda\u017cy, zgodnie z pkt. 1 niniejszego rozdzia\u0142u, ponosi jedynie koszty odes\u0142ania Produktu do Sprzedawcy.<\/li><li>Termin czternastodniowy, w kt\u00f3rym Konsument mo\u017ce odst\u0105pi\u0107 od umowy, liczy si\u0119 od dnia w kt\u00f3rym Konsument obj\u0105\u0142 Produkt w posiadanie.<\/li><li>Prawo odst\u0105pienia od umowy zawartej na odleg\u0142o\u015b\u0107 nie przys\u0142uguje Konsumentowi w wypadku Umowy Sprzeda\u017cy:<ul><li>w kt\u00f3rej przedmiotem \u015bwiadczenia jest rzecz nieprefabrykowana, wyprodukowana wed\u0142ug specyfikacji Konsumenta lub s\u0142u\u017c\u0105ca zaspokojeniu jego zindywidualizowanych potrzeb,<\/li><li>w kt\u00f3rej przedmiotem \u015bwiadczenia jest rzecz dostarczana w zapiecz\u0119towanym opakowaniu, kt\u00f3rej po otwarciu opakowania nie mo\u017cna zwr\u00f3ci\u0107 ze wzgl\u0119du na ochron\u0119 zdrowia lub ze wzgl\u0119d\u00f3w higienicznych, je\u017celi opakowanie zosta\u0142o otwarte po dostarczeniu.<\/li><\/ul><\/li><\/ol><h2>\u00a77 Reklamacje<\/h2><ol><li>Reklamacje dotycz\u0105ce dzia\u0142ania Sklepu oraz Produkt\u00f3w mog\u0105 by\u0107 sk\u0142adane listownie lub mailowo na adres Administratora sklepu podany na Stronie Sklepu.<\/li><li>Reklamacje dotycz\u0105ce Produkt\u00f3w mo\u017cna sk\u0142ada\u0107 w terminie 14 dni od dnia zauwa\u017cenia przyczyny reklamacji.<\/li><li>Zg\u0142oszenie reklamacyjne powinno zawiera\u0107 w szczeg\u00f3lno\u015bci nast\u0119puj\u0105ce dane: imi\u0119 i nazwisko Klienta, adres Klienta, numer zam\u00f3wienia, dat\u0119 z\u0142o\u017cenia zam\u00f3wienia, przedmiot zam\u00f3wienia (nazw\u0119 produktu), przyczyn\u0119 reklamacji oraz dane kontaktowe Klienta oraz \u017c\u0105dania z nim zwi\u0105zane.<\/li><li>Reklamacje zg\u0142aszane przez U\u017cytkownika b\u0119d\u0105 rozpatrywane w terminie do 14 dniu od momentu ich zg\u0142oszenia.<\/li><li>Rozstrzygni\u0119cie reklamacji zostanie przes\u0142ane drog\u0105 elektroniczn\u0105 na wskazany przez Klienta adres poczty elektronicznej.<\/li><\/ol><h2>\u00a78 Wymogi techniczne<\/h2><ol><li>Korzystanie ze Sklepu przez Klienta wymaga:<ul><li>dost\u0119pu do sieci Internet,<\/li><li>korzystania z przegl\u0105darki stron www (zalecane przegl\u0105darki: Microsoft Internet Explorer od ver. 8.0, Mozilla Firefox od ver. 6.0, Opera od ver. 12.0, Google Chrome od ver. 20.0 oraz Safari od ver. 5.1),<\/li><li>posiadania aktywnego i sprawnego konta e-mail w celu odbierania wiadomo\u015bci poczty elektronicznej.<\/li><\/ul><\/li><li>Dla prawid\u0142owego dzia\u0142ania strony internetowej Sklepu konieczne jest ponadto, aby systemy teleinformatyczne Klienta mia\u0142y w\u0142\u0105czon\u0105 obs\u0142ug\u0119 plik\u00f3w cookies oraz w\u0142\u0105czon\u0105 obs\u0142ug\u0119 j\u0119zyka skryptowego JavaScript.<\/li><li>Dla prawid\u0142owego dzia\u0142ania Wtyczek niezb\u0119dne jest zainstalowanie na serwerze Klienta aktualnej wersji WordPress.<\/li><li>Podczas odwiedzin przez Klienta strony internetowej Sklepu, system informatyczny Sklepu wysy\u0142a do komputera Klienta co najmniej jeden plik Cookie, w celu jednoznacznego zidentyfikowania przegl\u0105darki. Serwer Sklepu automatycznie rejestruje informacje przesy\u0142ane przez przegl\u0105dark\u0119 Klienta w czasie wy\u015bwietlania witryn. Dzienniki serwera mog\u0105 zawiera\u0107 informacje takie jak \u017c\u0105danie sieciowe, adres IP, typ i j\u0119zyk przegl\u0105darki, dat\u0119 i godzin\u0119 przes\u0142ania \u017c\u0105dania. Te informacje pozwalaj\u0105 podnosi\u0107 jako\u015b\u0107 us\u0142ug \u015bwiadczonych przez Sklep dzi\u0119ki identyfikowaniu i przechowywaniu preferencji Klient\u00f3w oraz \u015bledzeniu trend\u00f3w, takich jak na przyk\u0142ad sposoby w jakich przeszukiwana jest strona Sklepu. Klient mo\u017ce wy\u0142\u0105czy\u0107 zapisywanie\u00a0 plik\u00f3w cookie, przez co pozostanie anonimowy. Nie zezwalaj\u0105c na rejestracj\u0119 plik\u00f3w cookie, Sklep nie b\u0119dzie m\u00f3g\u0142 jednak zidentyfikowa\u0107 Klienta ani jego preferencji<\/li><li>W opisach Wtyczek dost\u0119pnych w Sklepie znajduje si\u0119 specyfikacja minimalnych wymog\u00f3w technicznych niezb\u0119dna do prawid\u0142owego dzia\u0142ania Wtyczki w systemie Klienta (jego sklepie internetowym).<\/li><li>Administrator podejmuje \u015brodki techniczne i organizacyjne, by zapewni\u0107 Klientowi bezpieczny dost\u0119p do us\u0142ug, a w szczeg\u00f3lno\u015bci \u015brodki uniemo\u017cliwiaj\u0105ce dost\u0119p i modyfikacj\u0119 danych osobowych przez osoby nieuprawnione.<\/li><li>Klienta obowi\u0105zuje zakaz dostarczania tre\u015bci o charakterze bezprawnym.<\/li><\/ol><h2>\u00a79 Us\u0142ugi \u015bwiadczone drog\u0105 elektroniczn\u0105<\/h2><ol><li>Administrator sklepu za pomoc\u0105 Serwisu \u015bwiadczy us\u0142ugi drog\u0105 elektroniczn\u0105.<\/li><li>Dost\u0119pne s\u0105 m.in. nast\u0119puj\u0105ce nieodp\u0142atne us\u0142ugi elektroniczne:<ul><li>umo\u017cliwienie Klientowi przegl\u0105dania tre\u015bci oraz asortymentu w Serwisie i Sklepie oraz korzystania z wyszukiwarki tre\u015bci,<\/li><li>umo\u017cliwienie Klientowi z\u0142o\u017cenia Zam\u00f3wienia w Sklepie bez rejestracji,<\/li><li>utworzenie i prowadzenie Konta w Sklepie,<\/li><li>wysy\u0142ka newslettera<\/li><\/ul><\/li><li>Umowa o prowadzenie Konta w Sklepie oraz Umowa o wysy\u0142k\u0119 newslettera s\u0105 zawierane na czas nieokre\u015blony i mog\u0105 zosta\u0107 wypowiedziana w ka\u017cdej chwili ze skutkiem natychmiastowym. Umow\u0119 o prowadzenie Konta w Sklepie mo\u017cna rozwi\u0105za\u0107, usuwaj\u0105c Konto, a Umow\u0119 o wysy\u0142k\u0119 newslettera poprzez wypisanie si\u0119 z niego wg instrukcji zawartej w ka\u017cdym newsletterze lub wysy\u0142aj\u0105c stosowne \u017c\u0105danie do Administratora Sklepu na adres email podany w Regulaminie.<\/li><li>Administrator Sklepu za po\u015brednictwem Strony internetowej udost\u0119pnia r\u00f3wnie\u017c odp\u0142atne Produkty, b\u0119d\u0105ce us\u0142ugami \u015bwiadczonymi drog\u0105 elektroniczn\u0105 w rozumieniu Ustawy z dnia z dnia 18 lipca 2002 r. o \u015bwiadczeniu us\u0142ug drog\u0105 elektroniczn\u0105.<\/li><li>Szczeg\u00f3\u0142owe opisy Produkt\u00f3w oraz ich zakres, szczeg\u00f3lne warunki uczestnictwa, je\u015bli s\u0105 wymagane oraz ceny znajduj\u0105 si\u0119 na Stronie internetowej w opisach ka\u017cdego z Produkt\u00f3w.<\/li><\/ol><h2>\u00a710 Zak\u0142adanie Konta w Sklepie<\/h2><ol><li>Za\u0142o\u017cenie Konta w Sklepie jest bezp\u0142atne.<\/li><li>W celu za\u0142o\u017cenia Konta w Sklepie, nale\u017cy wype\u0142ni\u0107 Formularz rejestracji lub oznaczy\u0107 odpowiedni checkbox w Formularzu zam\u00f3wienia.<\/li><li>Logowanie na Konto odbywa si\u0119 poprzez podanie loginu i has\u0142a ustanowionych w Formularzu rejestracji.<\/li><li>Klient ma mo\u017cliwo\u015b\u0107 w ka\u017cdej chwili, bez podania przyczyny i bez ponoszenia z tego tytu\u0142u jakichkolwiek op\u0142at, usun\u0105\u0107 Konto poprzez wys\u0142anie stosownego \u017c\u0105dania do Administratora Sklepu, w szczeg\u00f3lno\u015bci za po\u015brednictwem poczty elektronicznej na adres podany w Regulaminie.<\/li><\/ol><h2>\u00a711 Prawa autorskie<\/h2><ol><li>Wszystkie tre\u015bci, tj. zdj\u0119cia ich opisy oraz inne materia\u0142y wizualne lub tekstowe, a tak\u017ce elementy oprogramowania, dost\u0119pne na stronie internetowej Sklepu s\u0105 obj\u0119te ochron\u0105 prawa autorskiego, a prawa te przys\u0142uguj\u0105 Administratorowi sklepu lub posiada do nich stosowne licencje.<\/li><li>Zabronione jest powielanie i rozpowszechnianie w jakiejkolwiek formie materia\u0142\u00f3w okre\u015blonych w ust. 1 powy\u017cej bez uzyskania uprzedniej, pisemnej zgody Administratora sklepu. Nieuprawnione rozpowszechnianie ww. tre\u015bci mo\u017ce skutkowa\u0107 odpowiedzialno\u015bci\u0105 cywiln\u0105 i karn\u0105.<\/li><\/ol><h2>\u00a712 Ochrona danych osobowych<\/h2><ol><li>Zasady przetwarzania danych osobowych oraz wykorzystywania plik\u00f3w cookies zosta\u0142y opisane w Polityce prywatno\u015bci i plik\u00f3w cookies dost\u0119pnej pod adresem: <a href=\"https:\/\/sklep.futurebody.pl\/de\/polityka-prywatnosci\/\">https:\/\/sklep.futurebody.pl\/polityka-prywatnosci\/<\/a><\/li><\/ol><h2>\u00a713 Pozas\u0105dowe sposoby rozwi\u0105zywania spor\u00f3w konsumenckich<\/h2><ol><li>Administrator Sklepu wyra\u017ca zgod\u0119 na poddanie ewentualnych spor\u00f3w wynik\u0142ych w zwi\u0105zku z zawartymi umowami na odleg\u0142o\u015b\u0107 na drodze post\u0119powania mediacyjnego. Szczeg\u00f3\u0142y zostan\u0105 okre\u015blone przez strony konfliktu.<\/li><li>W sytuacji, gdy podj\u0119te post\u0119powanie mediacyjne nie przynios\u0142o skutku, a Klient nie jest Konsumentem lub Przedsi\u0119biorc\u0105 korzystaj\u0105cym z ochrony konsumenckiej, s\u0105dem w\u0142a\u015bciwym dla rozstrzygania wszelkich spor\u00f3w zwi\u0105zanych z tak\u0105 umow\u0105 jest s\u0105d w\u0142a\u015bciwy dla siedziby Administratora Strony, a prawem prawo polskie.<\/li><li>Konsument ma mo\u017cliwo\u015b\u0107 skorzystania z pozas\u0105dowych sposob\u00f3w rozpatrywania reklamacji i dochodzenia roszcze\u0144. Mi\u0119dzy innymi, Konsument ma mo\u017cliwo\u015b\u0107:<ul><li>zwr\u00f3cenia si\u0119 do sta\u0142ego polubownego s\u0105du konsumenckiego z wnioskiem o rozstrzygni\u0119cie sporu wynik\u0142ego z zawartej umowy,<\/li><li>zwr\u00f3cenia si\u0119 do wojew\u00f3dzkiego inspektora Inspekcji Handlowej z wnioskiem o wszcz\u0119cie post\u0119powania mediacyjnego w sprawie polubownego zako\u0144czenia sporu,<\/li><li>skorzystania z pomocy powiatowego (miejskiego) rzecznika praw konsumenta lub organizacji spo\u0142ecznej, do kt\u00f3rej statutowych zada\u0144 nale\u017cy ochrona konsument\u00f3w.<\/li><\/ul><\/li><li>Konsument mo\u017ce r\u00f3wnie\u017c z\u0142o\u017cy\u0107 skarg\u0119 za po\u015brednictwem unijnej platformy internetowej ODR, dost\u0119pnej pod adresem: http:\/\/ec.europa.eu\/consumers\/odr\/.<\/li><li>Bardziej szczeg\u00f3\u0142owych informacji na temat pozas\u0105dowych sposob\u00f3w rozpatrywania reklamacji i dochodzenia roszcze\u0144, Konsument mo\u017ce szuka\u0107 na stronie internetowej http:\/\/www.uokik.gov.pl<\/li><\/ol><h2>\u00a714 Postanowienia ko\u0144cowe<\/h2><ol><li>Administrator Sklepu zastrzega sobie prawo do dokonywania zmian Regulaminu z wa\u017cnych przyczyn, tj.: zmiany przepis\u00f3w prawa, zmiany sposob\u00f3w p\u0142atno\u015bci i dostaw, w zakresie, w jakim te zmiany wp\u0142ywaj\u0105 na realizacj\u0119 postanowie\u0144 niniejszego Regulaminu.<\/li><li>W przypadku dokonania zmian w Regulaminie, Sklep poinformuje Klient\u00f3w o wprowadzonych zmianach oraz dacie od kt\u00f3rej wejd\u0105 one w \u017cycie poprzez publikacj\u0119 jednolitego tekstu Regulaminu na stronie internetowej Sklepu na co najmniej 14 dni przed dat\u0105 wej\u015bcia w \u017cycie nowych postanowie\u0144.<\/li><li>W razie zmiany lub uniewa\u017cnienia, wskutek prawomocnego orzeczenia s\u0105du, kt\u00f3regokolwiek z postanowie\u0144 niniejszego Regulaminu, pozosta\u0142e jego postanowienia pozostaj\u0105 w mocy i wi\u0105\u017c\u0105 strony.<\/li><li>Administrator Sklepu zastrzega mo\u017cliwo\u015b\u0107 wyst\u0105pienia przerw w dzia\u0142aniu strony internetowej Sklepu \u2013 w zwi\u0105zku konserwacj\u0105 , przebudow\u0105 lub modernizacj\u0105 sklepu.\u00a0 W przypadku przerw technicznych Sklep zamie\u015bci odpowiedni komunikat informacyjny na stronie internetowej Sklepu z oznaczeniem szacowanego czasu ogranicze\u0144 w dost\u0119pno\u015bci strony. Sklep podejmuje starania, aby przerwy techniczne wyst\u0119powa\u0142y jak najrzadziej oraz aby by\u0142y jak najmniej uci\u0105\u017cliwe dla jego Klient\u00f3w.<\/li><li>Administrator Sklepu w najszerszym dopuszczalnym przez prawo zakresie nie ponosi odpowiedzialno\u015bci za zak\u0142\u00f3cenia, w tym przerwy w funkcjonowaniu Sklepu spowodowane si\u0142\u0105 wy\u017csz\u0105, niedozwolonym dzia\u0142aniem os\u00f3b trzecich.<\/li><li>Umowy zawierane przez Administratora Sklepu zawierane s\u0105 w j\u0119zyku polskim.<\/li><li>W sprawach nieuregulowanych w niniejszym Regulaminie maj\u0105 zastosowanie przepisy obowi\u0105zuj\u0105cego prawa polskiego, w szczeg\u00f3lno\u015bci przepisy: Ustawy o prawach konsumenta z dnia 30 maja 2014 r. (Dz.U.2020, poz. 287 z p\u00f3\u017an.zm.), Kodeksu cywilnego (Dz.U.2023, poz. 1610 z p\u00f3\u017an.zm.); Ustawy o \u015bwiadczeniu us\u0142ug drog\u0105 elektroniczn\u0105 z dnia 18 lipca 2002 r. (Dz.U.2020 poz. 344 z p\u00f3\u017an.zm.);.<\/li><li>Ewentualne spory powsta\u0142e pomi\u0119dzy Sprzedawc\u0105\/Us\u0142ugodawc\u0105, a Klientem\/Us\u0142ugobiorc\u0105 b\u0119d\u0105cym jednocze\u015bnie Konsumentem w rozumieniu art.. 22[1] Kodeksu cywilnego, jak r\u00f3wnie\u017c Klientem\/ Us\u0142ugobiorc\u0105 b\u0119d\u0105cym Przedsi\u0119biorc\u0105 na Prawach Konsumenta zostaj\u0105 poddane w\u0142a\u015bciwym s\u0105dom powszechnym zgodnie z przepisami kodeksu post\u0119powania cywilnego z dnia 17 listopada 1964 r. (Dz.U. 1964, Nr 43, poz. 296 ze zm.).<\/li><li>Regulamin ma zastosowanie do um\u00f3w zawartych od dnia 15.04.2025 r.<\/li><\/ol><h2>Dodatkowe informacje:<\/h2><ul><li><a href=\"https:\/\/sklep.futurebody.pl\/de\/polityka-zwrotow\/\">Polityka zwrot\u00f3w<\/a><\/li><li><a href=\"https:\/\/sklep.futurebody.pl\/de\/polityka-cookies\/\">Cookie-Politik<\/a><\/li><li><a href=\"https:\/\/sklep.futurebody.pl\/de\/polityka-prywatnosci\/\">Datenschutzbestimmungen<\/a><\/li><li><a href=\"https:\/\/sklep.futurebody.pl\/de\/dostawa\/\">Kosten der Lieferung<\/a><\/li><\/ul>\t\t\t\t\t\t\t\t<\/div>\n\t\t\t\t<\/div>\n\t\t\t\t\t<\/div>\n\t\t<\/div>\n\t\t\t\t\t<\/div>\n\t\t<\/section>\n\t\t\t\t<\/div>","protected":false},"excerpt":{"rendered":"<p>Regulamin sklepu Futurebody \u00a71 Postanowienia og\u00f3lne Niniejszy regulamin, zwany dalej \u201cRegulaminem\u201d, okre\u015bla zasady korzystania z serwisu i sklepu internetowego znajduj\u0105cego si\u0119 pod adresem internetowym: sklep.futurebody.pl, zwanego dalej \u201cSklepem\u201d. Sklep jest prowadzony przez firm\u0119: Domar Dorota Ka\u017amierczak z siedzib\u0105 we Wroc\u0142awiu, ul. Robotnicza 66A, numer NIP: 615-151-76-55, zwan\u0105 dalej \u201cAdministratorem sklepu\u201d. Ka\u017cda osoba fizyczna \u2013 posiadaj\u0105ca [&hellip;]<\/p>","protected":false},"author":1,"featured_media":0,"parent":0,"menu_order":0,"comment_status":"closed","ping_status":"closed","template":"elementor_header_footer","meta":{"footnotes":""},"class_list":["post-7426","page","type-page","status-publish","hentry"],"_links":{"self":[{"href":"https:\/\/sklep.futurebody.pl\/de\/wp-json\/wp\/v2\/pages\/7426","targetHints":{"allow":["GET"]}}],"collection":[{"href":"https:\/\/sklep.futurebody.pl\/de\/wp-json\/wp\/v2\/pages"}],"about":[{"href":"https:\/\/sklep.futurebody.pl\/de\/wp-json\/wp\/v2\/types\/page"}],"author":[{"embeddable":true,"href":"https:\/\/sklep.futurebody.pl\/de\/wp-json\/wp\/v2\/users\/1"}],"replies":[{"embeddable":true,"href":"https:\/\/sklep.futurebody.pl\/de\/wp-json\/wp\/v2\/comments?post=7426"}],"version-history":[{"count":0,"href":"https:\/\/sklep.futurebody.pl\/de\/wp-json\/wp\/v2\/pages\/7426\/revisions"}],"wp:attachment":[{"href":"https:\/\/sklep.futurebody.pl\/de\/wp-json\/wp\/v2\/media?parent=7426"}],"curies":[{"name":"wp","href":"https:\/\/api.w.org\/{rel}","templated":true}]}}