{"id":7890,"date":"2025-07-23T22:58:49","date_gmt":"2025-07-23T20:58:49","guid":{"rendered":"https:\/\/sklep.futurebody.pl\/?page_id=7890"},"modified":"2025-07-23T23:37:27","modified_gmt":"2025-07-23T21:37:27","slug":"polityka-zwrotow","status":"publish","type":"page","link":"https:\/\/sklep.futurebody.pl\/de\/polityka-zwrotow\/","title":{"rendered":"R\u00fcckgaberecht"},"content":{"rendered":"<div data-elementor-type=\"wp-page\" data-elementor-id=\"7890\" class=\"elementor elementor-7890\">\n\t\t\t\t<div class=\"elementor-element elementor-element-712a0a00 e-flex e-con-boxed e-con e-parent\" data-id=\"712a0a00\" data-element_type=\"container\">\n\t\t\t\t\t<div class=\"e-con-inner\">\n\t\t\t\t<div class=\"elementor-element elementor-element-4e981b6f elementor-widget elementor-widget-text-editor\" data-id=\"4e981b6f\" data-element_type=\"widget\" data-widget_type=\"text-editor.default\">\n\t\t\t\t<div class=\"elementor-widget-container\">\n\t\t\t\t\t\t\t\t\t\n<p>Informieren Sie den Shop \u00fcber die R\u00fccksendung, indem Sie beispielsweise eine E-Mail an sklep@futurebody.pl senden.<\/p>\n\n<p>Das Produkt muss unbesch\u00e4digt, unge\u00f6ffnet und unbenutzt sein.<\/p>\n\n\n<p>Die R\u00fcckgabe kann innerhalb von 14 Tagen nach Erhalt der Bestellung erfolgen.<br \/>Przygotuj przesy\u0142k\u0119 ze zwracanym produktem (rekomendujemy u\u017cycie oryginalnego opakowania).<\/p>\n\n\n\n<p><strong>F\u00fcgen Sie dem Paket folgende Informationen bei:<\/strong><\/p>\n<ul>\n<li>Name und Vorname<\/li>\n<li>Bestellnummer<\/li>\n<li>Produktname<\/li>\n<li>Menge<\/li>\n<li>Grund f\u00fcr die R\u00fcckgabe<\/li>\n<\/ul>\n\n\n\n<p><strong>Senden Sie das Produkt an folgende Adresse zur\u00fcck: <\/strong><\/p>\n\n\n\n<p>Futurebody\nul. Robotnicza 66 A\n53-608 Wroc\u0142aw<\/p>\n\n\n\n<p><strong>Wir erstatten Ihnen das Geld innerhalb von 14 Tagen zur\u00fcck.<\/strong>Die R\u00fcckerstattung erfolgt auf das im Widerrufsformular angegebene Konto.<\/p>\n\t\t\t\t\t\t\t\t<\/div>\n\t\t\t\t<\/div>\n\t\t\t\t\t<\/div>\n\t\t\t\t<\/div>\n\t\t\t\t<\/div>","protected":false},"excerpt":{"rendered":"<p>Poinformuj sklep o zwrocie, wysy\u0142aj\u0105c np. maila na adres sklep@futurebody.pl. Towar musi by\u0107 nienaruszony, nieotwierany i nieu\u017cywany. Zwrotu mo\u017cna dokona\u0107 do 14 dni od otrzymania zam\u00f3wienia.Przygotuj przesy\u0142k\u0119 ze zwracanym produktem (rekomendujemy u\u017cycie oryginalnego opakowania). Do\u0142\u0105cz do paczki nast\u0119puj\u0105ce informacj\u0119: Imi\u0119 i nazwisko Numer zam\u00f3wienia Nazwa produktu Ilo\u015b\u0107 Pow\u00f3d zwrotu Ode\u015blij produkt na adres: Futurebody ul. [&hellip;]<\/p>","protected":false},"author":1,"featured_media":0,"parent":0,"menu_order":0,"comment_status":"closed","ping_status":"closed","template":"template-fullwidth.php","meta":{"footnotes":""},"class_list":["post-7890","page","type-page","status-publish","hentry"],"_links":{"self":[{"href":"https:\/\/sklep.futurebody.pl\/de\/wp-json\/wp\/v2\/pages\/7890","targetHints":{"allow":["GET"]}}],"collection":[{"href":"https:\/\/sklep.futurebody.pl\/de\/wp-json\/wp\/v2\/pages"}],"about":[{"href":"https:\/\/sklep.futurebody.pl\/de\/wp-json\/wp\/v2\/types\/page"}],"author":[{"embeddable":true,"href":"https:\/\/sklep.futurebody.pl\/de\/wp-json\/wp\/v2\/users\/1"}],"replies":[{"embeddable":true,"href":"https:\/\/sklep.futurebody.pl\/de\/wp-json\/wp\/v2\/comments?post=7890"}],"version-history":[{"count":0,"href":"https:\/\/sklep.futurebody.pl\/de\/wp-json\/wp\/v2\/pages\/7890\/revisions"}],"wp:attachment":[{"href":"https:\/\/sklep.futurebody.pl\/de\/wp-json\/wp\/v2\/media?parent=7890"}],"curies":[{"name":"wp","href":"https:\/\/api.w.org\/{rel}","templated":true}]}}