{"id":677,"date":"2018-05-18T11:55:25","date_gmt":"2018-05-18T11:55:25","guid":{"rendered":"https:\/\/themedemo.commercegurus.com\/shoptimizer\/?post_type=product&#038;p=677"},"modified":"2026-04-16T13:12:50","modified_gmt":"2026-04-16T11:12:50","slug":"iso-whey-100","status":"publish","type":"product","link":"https:\/\/sklep.futurebody.pl\/de\/produkt\/iso-whey-100\/","title":{"rendered":"Iso Whey 100%"},"content":{"rendered":"<p><strong>ISO WHEY IST EIN HOCHWERTIGES MOLKENPROTEINISOLAT, DAS F\u00dcR SEIN AUSSERGEW\u00d6HNLICHES N\u00c4HRWERTPROFIL BEKANNT IST. DIESES PREMIUM-PRODUKT IST F\u00dcR MENSCHEN MIT EINEM AKTIVEN LEBENSSTIL, INSBESONDERE F\u00dcR SPORTLER, SEHR ZU EMPFEHLEN, DA ES SOWOHL DAS MUSKELWACHSTUM ALS AUCH DEN MUSKELERHALT F\u00d6RDERT. DAS IN MOLKE-ISO ENTHALTENE PROTEIN SPIELT EINE WICHTIGE ROLLE BEI DER ERHOLUNG UND REGENERATION DER MUSKELN.<\/strong><\/p>\n\n\n\n<p><strong>ZUTATEN<\/strong>MOLKENPROTEINISOLAT (<strong>MLEKO<\/strong>), KAKAOPULVER, AROMEN, SONNENBLUMENLECITHIN, EMULGATOR: CARBOXYMETHYLCELLULOSE, VERDICKUNGSMITTEL: GUARKERNMEHL, XANTHAN, SALZ, S\u00dcSSSTOFFE: SUCRALOSE, ACESLFAM<\/p>\n\n\n\n<p><strong>INFORMATIONEN \u00dcBER ALLERGENE<\/strong>: M\u00d6GLICHERWEISE UNBEABSICHTIGTE MENGEN AN GLUTEN, EIERN, SESAMSAMEN, N\u00dcSSEN, SELLERIE, SULFITEN.<\/p>\n\n\n\n<p><strong>EMPFOHLENE VERWENDUNG<\/strong>: ISO WHEY 100% WURDE F\u00dcR EIN EINFACHES MISCHEN ENTWICKELT. GEBEN SIE EINFACH EINEN RUNDEN MESSL\u00d6FFEL (30 G) IN 180-240 ML KALTES WASSER UND R\u00dcHREN ODER SCH\u00dcTTELN SIE, BIS SICH DAS PULVER VOLLST\u00c4NDIG AUFGEL\u00d6ST HAT. \u00dcBERSCHREITEN SIE NICHT DIE EMPFOHLENE TAGESDOSIS. 1-3 MAL T\u00c4GLICH VERZEHREN - VOR DEM FR\u00dcHST\u00dcCK, ZWISCHEN DEN MAHLZEITEN, NACH DEM SPORT ODER VOR DEM SCHLAFENGEHEN. NAHRUNGSERG\u00c4NZUNGSMITTEL SOLLTEN EINE AUSGEWOGENE ERN\u00c4HRUNG NICHT ERSETZEN.<\/p>\n\n\n\n<p><strong>ABLAUFDATUM<\/strong>: 24 MONATE AB HERSTELLUNGSDATUM, WENN ES UNTER DEN OBEN GENANNTEN BEDINGUNGEN GELAGERT WIRD.<\/p>\n\n\n\n<p><strong>LAGERUNGSBEDINGUNGEN<\/strong>: IM DICHT VERSCHLOSSENEN ORIGINALBEH\u00c4LTER BEI RAUMTEMPERATUR AUFBEWAHREN, VOR LICHT SCH\u00dcTZEN. AUSSERHALB DER REICHWEITE VON KINDERN AUFBEWAHREN.<\/p>\n\n\n\n<p><\/p>\n\n\n\n<table class=\"gdekla\">\n    <tr>\n        <th>PARAMETERERGEBNIS<\/th>\n        <th> (MG\/G)<\/th>\n    <\/tr>\n    <tr>\n        <td>ASPARAGINS\u00c4URE (ASP)<\/td>\n        <td>119<\/td>\n    <\/tr>\n    <tr>\n        <td>TREONINE (THR) <\/td>\n        <td>75<\/td>\n    <\/tr>\n    <tr>\n        <td>SERINE<\/td>\n        <td>50<\/td>\n    <\/tr>\n    <tr>\n        <td>GLUTAMINS\u00c4URE (GLU)<\/td>\n        <td>195<\/td>\n    <\/tr>\n    <tr>\n        <td>PROLINA (PRO)<\/td>\n        <td>65<\/td>\n    <\/tr>\n    <tr>\n        <td>GLYCINE (GLY)<\/td>\n        <td>16<\/td>\n    <\/tr>\n    <tr>\n        <td>ALANIN (ALA)<\/td>\n        <td>52<\/td>\n    <\/tr>\n    <tr>\n        <td>CYSTEINS\u00c4URE (CYS) <\/td>\n        <td>24<\/td>\n    <\/tr>\n    <tr>\n        <td>VALINA (VAL)<\/td>\n        <td>63<\/td>\n    <\/tr>\n    <tr>\n        <td>METHIONINSULFON (SULF. MET)<\/td>\n        <td>23<\/td>\n    <\/tr>\n    <tr>\n        <td>ISOLEUCIN (WIE VIEL)<\/td>\n        <td>71<\/td>\n    <\/tr>\n    <tr>\n        <td>LEUCIN (LEU) <\/td>\n        <td>108<\/td>\n    <\/tr>\n    <tr>\n        <td>TYROSIN (TYR) <\/td>\n        <td>32<\/td>\n    <\/tr>\n    <tr>\n        <td>PHENYLANIN (PHE) <\/td>\n        <td>30<\/td>\n    <\/tr>\n    <tr>\n        <td>HISTIDIN (HIS)<\/td>\n        <td>16<\/td>\n    <\/tr>\n    <tr>\n        <td>LYSINE <\/td>\n        <td>100<\/td>\n    <\/tr>\n    <tr>\n        <td>ARGININ (ARG)<\/td>\n        <td>20<\/td>\n    <\/tr>\n    <tr>\n        <td>TRYPTOPHAN (TRP)<\/td>\n        <td>18<\/td>\n    <\/tr>\n<\/table>\n\n\n\n<table class=\"gdekla\">\n    <tr>\n        <th>MIKRO- UND MAKRON\u00c4HRSTOFFE<\/td>\n        <th>(MG\/100 G DES PRODUKTS)<\/td>\n    <\/tr>\n    <tr>\n        <td>KALZIUM (Ca)<\/td>\n        <td>516<\/td>\n    <\/tr>\n    <tr>\n        <td>SODIUM (Na)<\/td>\n        <td>250<\/td>\n    <\/tr>\n    <tr>\n        <td>POTASSIUM (K) <\/td>\n        <td>27<\/td>\n    <\/tr>\n    <tr>\n        <td>ZINK <\/td>\n        <td>0,12<\/td>\n    <\/tr>\n    <tr>\n        <td>EISEN (Fe)<\/td>\n        <td>0,31<\/td>\n    <\/tr>\n<\/table>\n\n\n\n<table class=\"gdekla\">\n    <tr>\n        <th>N\u00c4HRWERTDEKLARATION\u00a0\u00a0<\/th>\n        <th>PRO PORTION (30 G)<\/th>\n        <th>Pro 100 G<\/th>\n    <\/tr>\n    <tr>\n        <td>ENERGIE<\/td>\n        <td>459 KJ\/ 109,8 KCAL\u00a0<\/td>\n        <td>1532 KJ\/ 366 KCAL<\/td>\n    <\/tr>\n    <tr>\n        <td>FETTE ALLE<\/td>\n        <td>0,1 G<\/td>\n        <td>0,3 G<\/td>\n    <\/tr>\n    <tr>\n        <td>GES\u00c4TTIGTE FETTE<\/td>\n        <td>0 G\u00a0<\/td>\n        <td>0 G<\/td>\n    <\/tr>\n    <tr>\n        <td>CARBOHYDRATEN\u00a0\u00a0<\/td>\n        <td>0,24G<\/td>\n        <td>0,8 G<\/td>\n    <\/tr>\n    <tr>\n        <td>EINSCHLIESSLICH ZUCKER\u00a0<\/td>\n        <td>0,03 G\u00a0<\/td>\n        <td>90 G<\/td>\n    <\/tr>\n    <tr>\n        <td>PROTEIN\u00a0<\/td>\n        <td>27 G<\/td>\n        <td>90 G<\/td>\n    <\/tr>\n    <tr>\n        <td>SALZ<\/td>\n        <td>0,12 g\u00a0<\/td>\n        <td>0,4 G<\/td>\n    <\/tr>\n<\/table>","protected":false},"excerpt":{"rendered":"<p>ISO WHEY IST EIN HOCHWERTIGES MOLKENPROTEINISOLAT, DAS F\u00dcR SEIN AUSSERGEW\u00d6HNLICHES N\u00c4HRWERTPROFIL BEKANNT IST<\/p>","protected":false},"featured_media":7173,"comment_status":"open","ping_status":"closed","template":"","meta":[],"product_brand":[62],"product_cat":[54],"product_tag":[],"class_list":{"0":"post-677","1":"product","2":"type-product","3":"status-publish","4":"has-post-thumbnail","6":"product_brand-futurebody","7":"product_cat-suplementy","9":"first","10":"instock","11":"shipping-taxable","12":"purchasable","13":"product-type-variable","14":"has-default-attributes"},"_links":{"self":[{"href":"https:\/\/sklep.futurebody.pl\/de\/wp-json\/wp\/v2\/product\/677","targetHints":{"allow":["GET"]}}],"collection":[{"href":"https:\/\/sklep.futurebody.pl\/de\/wp-json\/wp\/v2\/product"}],"about":[{"href":"https:\/\/sklep.futurebody.pl\/de\/wp-json\/wp\/v2\/types\/product"}],"replies":[{"embeddable":true,"href":"https:\/\/sklep.futurebody.pl\/de\/wp-json\/wp\/v2\/comments?post=677"}],"wp:featuredmedia":[{"embeddable":true,"href":"https:\/\/sklep.futurebody.pl\/de\/wp-json\/wp\/v2\/media\/7173"}],"wp:attachment":[{"href":"https:\/\/sklep.futurebody.pl\/de\/wp-json\/wp\/v2\/media?parent=677"}],"wp:term":[{"taxonomy":"product_brand","embeddable":true,"href":"https:\/\/sklep.futurebody.pl\/de\/wp-json\/wp\/v2\/product_brand?post=677"},{"taxonomy":"product_cat","embeddable":true,"href":"https:\/\/sklep.futurebody.pl\/de\/wp-json\/wp\/v2\/product_cat?post=677"},{"taxonomy":"product_tag","embeddable":true,"href":"https:\/\/sklep.futurebody.pl\/de\/wp-json\/wp\/v2\/product_tag?post=677"}],"curies":[{"name":"wp","href":"https:\/\/api.w.org\/{rel}","templated":true}]}}