{"id":7225,"date":"2025-04-06T15:10:48","date_gmt":"2025-04-06T13:10:48","guid":{"rendered":"https:\/\/sklep.futurebody.pl\/?post_type=product&#038;p=7225"},"modified":"2026-05-06T11:37:03","modified_gmt":"2026-05-06T09:37:03","slug":"pure-whey-100","status":"publish","type":"product","link":"https:\/\/sklep.futurebody.pl\/de\/produkt\/pure-whey-100\/","title":{"rendered":"Pure Whey 100%"},"content":{"rendered":"<p>VERSCHIEDENE GESCHMACKSRICHTUNGEN ERH\u00c4LTLICH<\/p>\n\n\n\n<ul class=\"wp-block-list\">\n<li>Schokoladengeschmack wird aus echtem holl\u00e4ndischen Kakao hergestellt<\/li>\n\n\n\n<li>Das Erdbeeraroma wird aus feinen, unverarbeiteten Zutaten hergestellt, die aus nat\u00fcrlichen Inhaltsstoffen gewonnen werden.<\/li>\n\n\n\n<li>Vanillegeschmack enth\u00e4lt echte chinesische Vanille<\/li>\n\n\n\n<li>Himbeergeschmack wird aus zarten Fr\u00fcchten hergestellt, nicht aromatisiert!<\/li>\n<\/ul>\n\n\n\n<p>DIESES HOCHWERTIGE PRODUKT WIRD ALLEN K\u00d6RPERLICH AKTIVEN, EINSCHLIESSLICH SPORTLERN, EMPFOHLEN UND TR\u00c4GT ZUM AUFBAU UND ERHALT DER MUSKELMASSE BEI. DAS IN REINER MOLKE ENTHALTENE EIWEISS 100 % REPARIERT UND BAUT DIE MUSKELN WIEDER AUF.<\/p>\n\n\n\n<p><strong>ZUTATEN<\/strong>I: KONCENTRAT BIA\u0141KA SERWATKOWEGO (Z MLEKA), IZOLAT BIA\u0141KA SERWATKOWEGO (Z MLEKA), KAKAO W PROSZKU, AROMATY, LECYTYNA S\u0141ONECZNIKOWA, EMUSIFER: KARBOKSYMETYLOCELULOZA, ZAG\u0118STNIKI: GUMA GUAR, GUMA KSANTANOWA, S\u00d3L, SUBSTANCJE S\u0141ODZ\u0104CE: SUKRALOZA, ACESLFAM K.<\/p>\n\n\n\n<p><br>Informationen zu Allergenen: M\u00d6GLICHERWEISE UNBEABSICHTIGTE MENGEN AN GLUTEN, EIERN, SAMEN, N\u00dcSSEN, SELLERIE, SULFITEN.<\/p>\n\n\n\n<p><br><strong>EMPFOHLENE VERWENDUNG<\/strong>: PURE WHEY 100% IST F\u00dcR EINFACHES MISCHEN KONZIPIERT. GEBEN SIE EINFACH EINEN RUNDEN MESSL\u00d6FFEL (30 G) IN 180-240 ML KALTES WASSER UND R\u00dcHREN ODER SCH\u00dcTTELN SIE ES, BIS DAS PULVER VOLLST\u00c4NDIG AUFGEL\u00d6ST IST. \u00dcBERSCHREITEN SIE NICHT DIE EMPFOHLENE TAGESDOSIS. 1-3 MAL T\u00c4GLICH VERZEHREN - VOR DEM FR\u00dcHST\u00dcCK, ZWISCHEN DEN MAHLZEITEN, NACH DEM SPORT ODER VOR DEM SCHLAFENGEHEN. NAHRUNGSERG\u00c4NZUNGSMITTEL SOLLTEN EINE AUSGEWOGENE ERN\u00c4HRUNG NICHT ERSETZEN.<\/p>\n\n\n\n<p><br>VERG\u00c4NGLICHKEITSDATUM: 24 Monate ab Herstellungsdatum, wenn es unter den oben genannten Bedingungen gelagert wird.<\/p>\n\n\n\n<p><br><strong>LAGERUNGSBEDINGUNGEN<\/strong>: Im dicht verschlossenen Originalbeh\u00e4lter bei Raumtemperatur aufbewahren, vor Licht sch\u00fctzen. Au\u00dferhalb der Reichweite von Kindern aufbewahren.<\/p>\n\n\n\n<table class=\"gdekla\">\n    <tr>\n        <th>PARAMETERERGEBNIS<\/th>\n        <th> (MG\/G)<\/th>\n    <\/tr>\n    <tr>\n        <td>ASPARAGINS\u00c4URE (ASP)<\/td>\n        <td>93,9<\/td>\n    <\/tr>\n    <tr>\n        <td>TREONINE (THR) <\/td>\n        <td>67,1<\/td>\n    <\/tr>\n    <tr>\n        <td>SERINE<\/td>\n        <td>43,3<\/td>\n    <\/tr>\n    <tr>\n        <td>GLUTAMINS\u00c4URE (GLU)<\/td>\n        <td>161,2<\/td>\n    <\/tr>\n    <tr>\n        <td>PROLINA (PRO)<\/td>\n        <td>58,8<\/td>\n    <\/tr>\n    <tr>\n        <td>GLYCINE (GLY)<\/td>\n        <td>15,2<\/td>\n    <\/tr>\n    <tr>\n        <td>ALANIN (ALA)<\/td>\n        <td>42,8<\/td>\n    <\/tr>\n    <tr>\n        <td>CYSTEINS\u00c4URE (CYS) <\/td>\n        <td>47,4<\/td>\n    <\/tr>\n    <tr>\n        <td>VALINA (VAL)<\/td>\n        <td>50,4<\/td>\n    <\/tr>\n    <tr>\n        <td>METHIONINSULFON (SULF. MET)<\/td>\n        <td>28<\/td>\n    <\/tr>\n    <tr>\n        <td>ISOLEUCIN (WIE VIEL)<\/td>\n        <td>49,1<\/td>\n    <\/tr>\n    <tr>\n        <td>LEUCIN (LEU) <\/td>\n        <td>87,8<\/td>\n    <\/tr>\n    <tr>\n        <td>TYROSIN (TYR) <\/td>\n        <td>22,7<\/td>\n    <\/tr>\n    <tr>\n        <td>PHENYLANIN (PHE) <\/td>\n        <td>25,6<\/td>\n    <\/tr>\n    <tr>\n        <td>HISTIDIN (HIS)<\/td>\n        <td>14,9<\/td>\n    <\/tr>\n    <tr>\n        <td>LYSINE <\/td>\n        <td>83,6<\/td>\n    <\/tr>\n    <tr>\n        <td>ARGININ (ARG)<\/td>\n        <td>22,7<\/td>\n    <\/tr>\n    <tr>\n        <td>TRYPTOPHAN (TRP)<\/td>\n        <td>8,74<\/td>\n    <\/tr>\n<\/table>\n\n\n\n<table class=\"gdekla\">\n    <tr>\n        <th>MIKRO- UND MAKRON\u00c4HRSTOFFE<\/td>\n        <th>(MG\/100 G DES PRODUKTS)<\/td>\n    <\/tr>\n    <tr>\n        <td>KALZIUM (Ca)<\/td>\n        <td>380<\/td>\n    <\/tr>\n    <tr>\n        <td>MAGNEZ (Mg)<\/td>\n        <td>60<\/td>\n    <\/tr>\n    <tr>\n        <td>SODIUM (Na)<\/td>\n        <td>210<\/td>\n    <\/tr>\n    <tr>\n        <td>POTASSIUM (K) <\/td>\n        <td>380<\/td>\n    <\/tr>\n    <tr>\n        <td>CHLOREK (Cl)<\/td>\n        <td>60<\/td>\n    <\/tr>\n    <tr>\n        <td>FOSFOR (P)<\/td>\n        <td>310<\/td>\n    <\/tr>\n    <tr>\n        <td>MANGAN (Mn)<\/td>\n        <td>70<\/td>\n    <\/tr>\n    <tr>\n        <td>EISEN (Fe)<\/td>\n        <td>0,9<\/td>\n    <\/tr>\n<\/table>\n\n\n\n<table class=\"gdekla\">\n    <tr>\n        <th>N\u00c4HRWERTDEKLARATION\u00a0\u00a0<\/td>\n        <th>PRO PORTION (30 G)<\/td>\n        <th>Pro 100 G<\/td>\n    <\/tr>\n    <tr>\n        <td>ENERGIE<\/td>\n        <td>474 KJ\/ 113,4 KCAL<\/td>\n        <td>1581 KJ\/ 377,8 KCAL<\/td>\n    <\/tr>\n    <tr>\n        <td>FETTE ALLE<\/td>\n        <td>1,26 G<\/td>\n        <td>4,2 G<\/td>\n    <\/tr>\n    <tr>\n        <td>GES\u00c4TTIGTE FETTE<\/td>\n        <td>0,93 G<\/td>\n        <td>3,1 G<\/td>\n    <\/tr>\n    <tr>\n        <td>CARBOHYDRATEN\u00a0\u00a0<\/td>\n        <td>1,5 G<\/td>\n        <td>5 G<\/td>\n    <\/tr>\n    <tr>\n        <td>EINSCHLIESSLICH ZUCKER\u00a0<\/td>\n        <td>0,9 G\u00a0<\/td>\n        <td>3 G<\/td>\n    <\/tr>\n    <tr>\n        <td>PROTEIN\u00a0<\/td>\n        <td>24 G\u00a0<\/td>\n        <td>80 G<\/td>\n    <\/tr>\n    <tr>\n        <td>SALZ<\/td>\n        <td>0,157 g\u00a0<\/td>\n        <td>0,525 G<\/td>\n    <\/tr>\n<\/table>","protected":false},"excerpt":{"rendered":"<p>PURE WHEY 100% IST EINE SEHR NAHRHAFTE MISCHUNG AUS MOLKENPROTEINKONZENTRAT UND MOLKENPROTEINISOLAT.<\/p>","protected":false},"featured_media":7335,"comment_status":"open","ping_status":"closed","template":"","meta":[],"product_brand":[62],"product_cat":[54],"product_tag":[],"class_list":{"0":"post-7225","1":"product","2":"type-product","3":"status-publish","4":"has-post-thumbnail","6":"product_brand-futurebody","7":"product_cat-suplementy","9":"first","10":"instock","11":"shipping-taxable","12":"purchasable","13":"product-type-variable","14":"has-default-attributes"},"_links":{"self":[{"href":"https:\/\/sklep.futurebody.pl\/de\/wp-json\/wp\/v2\/product\/7225","targetHints":{"allow":["GET"]}}],"collection":[{"href":"https:\/\/sklep.futurebody.pl\/de\/wp-json\/wp\/v2\/product"}],"about":[{"href":"https:\/\/sklep.futurebody.pl\/de\/wp-json\/wp\/v2\/types\/product"}],"replies":[{"embeddable":true,"href":"https:\/\/sklep.futurebody.pl\/de\/wp-json\/wp\/v2\/comments?post=7225"}],"wp:featuredmedia":[{"embeddable":true,"href":"https:\/\/sklep.futurebody.pl\/de\/wp-json\/wp\/v2\/media\/7335"}],"wp:attachment":[{"href":"https:\/\/sklep.futurebody.pl\/de\/wp-json\/wp\/v2\/media?parent=7225"}],"wp:term":[{"taxonomy":"product_brand","embeddable":true,"href":"https:\/\/sklep.futurebody.pl\/de\/wp-json\/wp\/v2\/product_brand?post=7225"},{"taxonomy":"product_cat","embeddable":true,"href":"https:\/\/sklep.futurebody.pl\/de\/wp-json\/wp\/v2\/product_cat?post=7225"},{"taxonomy":"product_tag","embeddable":true,"href":"https:\/\/sklep.futurebody.pl\/de\/wp-json\/wp\/v2\/product_tag?post=7225"}],"curies":[{"name":"wp","href":"https:\/\/api.w.org\/{rel}","templated":true}]}}