{"id":7258,"date":"2025-04-06T16:55:30","date_gmt":"2025-04-06T14:55:30","guid":{"rendered":"https:\/\/sklep.futurebody.pl\/?post_type=product&#038;p=7258"},"modified":"2025-07-23T20:09:48","modified_gmt":"2025-07-23T18:09:48","slug":"przedtreningowka","status":"publish","type":"product","link":"https:\/\/sklep.futurebody.pl\/de\/produkt\/przedtreningowka\/","title":{"rendered":"Pre-workout"},"content":{"rendered":"<p>Nahrungserg\u00e4nzungspulver (verschiedene Geschmacksrichtungen) mit Koffein, Aminos\u00e4uren, Vitaminen, Zink und Pflanzenextrakten, mit S\u00fc\u00dfungsmitteln. Enth\u00e4lt Koffein (200 mg pro Portion).<\/p>\n\n\n\n<p>Einf\u00fchrung <strong>futurebody<\/strong> <strong>Pre-workout<\/strong> ist die Spitze der Pre-Workout-Erg\u00e4nzungen, die die sportliche Leistung auf ein neues Niveau heben. Jeder Messl\u00f6ffel enth\u00e4lt 15 Gramm leicht verdaulichen, leistungssteigernden Treibstoff. Dies ist der ultimative Ausdauerbooster, sorgf\u00e4ltig formuliert f\u00fcr Sportler wie Sie, die entschlossen sind, ihr Potenzial zu steigern und an ihre Grenzen zu gehen.<\/p>\n\n\n\n<p>Wenn Sie sich f\u00fcr Futurebody Pre-Workout entscheiden, geben Sie Ihren hart arbeitenden Muskeln genau die N\u00e4hrstoffe, die sie brauchen, und zwar genau dann, wenn sie sie brauchen. Es ist die Geheimwaffe in Ihrem Fitness-Arsenal, um Spitzenleistungen zu erzielen und unvergleichliche Ergebnisse zu erzielen. Machen Sie sich bereit, Ihre Trainingserfahrung neu zu definieren und Ihre Erfolge mit Futurebody Pre-Workout zu maximieren.<\/p>\n\n\n\n<p><strong>Gebrauchsanweisung:<\/strong><br>Einen Messl\u00f6ffel in 250 ml Wasser geben und sch\u00fctteln. An Trainingstagen eine Portion 15 Minuten vor dem Training verzehren. Beginnen Sie mit einer Portion, um die Vertr\u00e4glichkeit zu testen, bevor Sie eine Erh\u00f6hung der Dosis in Betracht ziehen. Um optimale Ergebnisse zu erzielen, sollte das Produkt mit einer Di\u00e4t und einem Trainingsprogramm kombiniert werden. Es kann zu einer Gewichtszunahme kommen.<\/p>\n\n\n\n<p><strong>Lagerung<\/strong>:<br>Produkt dicht verschlossen bei 5-25\u00b0C (41-77\u00b0F) und relativer Luftfeuchtigkeit aufbewahren<br>weniger als 60%. Vor direkter Hitze, Feuchtigkeit und Sonnenlicht gesch\u00fctzt lagern.<\/p>\n\n\n\n<p><\/p>","protected":false},"excerpt":{"rendered":"<p><strong>Pre-workout<\/strong><\/p>\n<p>Nahrungserg\u00e4nzungspulver (verschiedene Geschmacksrichtungen) mit Koffein, Aminos\u00e4uren, Vitaminen, Zink und Pflanzenextrakten, mit S\u00fc\u00dfungsmitteln. Enth\u00e4lt Koffein (200 mg pro Portion).<\/p>","protected":false},"featured_media":7754,"comment_status":"open","ping_status":"closed","template":"","meta":[],"product_brand":[62],"product_cat":[54],"product_tag":[],"class_list":{"0":"post-7258","1":"product","2":"type-product","3":"status-publish","4":"has-post-thumbnail","6":"product_brand-futurebody","7":"product_cat-suplementy","9":"first","10":"instock","11":"shipping-taxable","12":"purchasable","13":"product-type-variable"},"_links":{"self":[{"href":"https:\/\/sklep.futurebody.pl\/de\/wp-json\/wp\/v2\/product\/7258","targetHints":{"allow":["GET"]}}],"collection":[{"href":"https:\/\/sklep.futurebody.pl\/de\/wp-json\/wp\/v2\/product"}],"about":[{"href":"https:\/\/sklep.futurebody.pl\/de\/wp-json\/wp\/v2\/types\/product"}],"replies":[{"embeddable":true,"href":"https:\/\/sklep.futurebody.pl\/de\/wp-json\/wp\/v2\/comments?post=7258"}],"wp:featuredmedia":[{"embeddable":true,"href":"https:\/\/sklep.futurebody.pl\/de\/wp-json\/wp\/v2\/media\/7754"}],"wp:attachment":[{"href":"https:\/\/sklep.futurebody.pl\/de\/wp-json\/wp\/v2\/media?parent=7258"}],"wp:term":[{"taxonomy":"product_brand","embeddable":true,"href":"https:\/\/sklep.futurebody.pl\/de\/wp-json\/wp\/v2\/product_brand?post=7258"},{"taxonomy":"product_cat","embeddable":true,"href":"https:\/\/sklep.futurebody.pl\/de\/wp-json\/wp\/v2\/product_cat?post=7258"},{"taxonomy":"product_tag","embeddable":true,"href":"https:\/\/sklep.futurebody.pl\/de\/wp-json\/wp\/v2\/product_tag?post=7258"}],"curies":[{"name":"wp","href":"https:\/\/api.w.org\/{rel}","templated":true}]}}