{"id":7895,"date":"2025-07-23T23:07:56","date_gmt":"2025-07-23T21:07:56","guid":{"rendered":"https:\/\/sklep.futurebody.pl\/?page_id=7895"},"modified":"2025-07-23T23:31:10","modified_gmt":"2025-07-23T21:31:10","slug":"dostawa","status":"publish","type":"page","link":"https:\/\/sklep.futurebody.pl\/en\/dostawa\/","title":{"rendered":"Dostawa"},"content":{"rendered":"<div data-elementor-type=\"wp-page\" data-elementor-id=\"7895\" class=\"elementor elementor-7895\">\n\t\t\t\t<div class=\"elementor-element elementor-element-cfbbad5 e-flex e-con-boxed e-con e-parent\" data-id=\"cfbbad5\" data-element_type=\"container\">\n\t\t\t\t\t<div class=\"e-con-inner\">\n\t\t\t\t<div class=\"elementor-element elementor-element-106a259 elementor-widget elementor-widget-text-editor\" data-id=\"106a259\" data-element_type=\"widget\" data-widget_type=\"text-editor.default\">\n\t\t\t\t<div class=\"elementor-widget-container\">\n\t\t\t\t\t\t\t\t\t<p>Free delivery on orders over <b>200 z\u0142.<\/b><br \/>Delivery only within Poland.<\/p><p>Free collection at Futurebody, Wroc\u0142aw, ul. Robotnicza 66A.<\/p>\t\t\t\t\t\t\t\t<\/div>\n\t\t\t\t<\/div>\n\t\t\t\t<div class=\"elementor-element elementor-element-5743719 elementor-widget elementor-widget-text-editor\" data-id=\"5743719\" data-element_type=\"widget\" data-widget_type=\"text-editor.default\">\n\t\t\t\t<div class=\"elementor-widget-container\">\n\t\t\t\t\t\t\t\t\t<table class=\"gdekla\"><tbody><tr><td>Delivery method<\/td><td>\u00a0<\/td><td>Cost for orders up to PLN 199<\/td><td>Cost for orders over PLN 200<\/td><\/tr><tr><td><img decoding=\"async\" class=\"alignnone size-full wp-image-7898\" src=\"https:\/\/sklep.futurebody.pl\/wp-content\/uploads\/2025\/07\/InPost-Paczkomat-logo-kwadrat_0.png\" alt=\"InPost Paczkomat\" width=\"123\" height=\"95\" srcset=\"https:\/\/sklep.futurebody.pl\/wp-content\/uploads\/2025\/07\/InPost-Paczkomat-logo-kwadrat_0.png 123w, https:\/\/sklep.futurebody.pl\/wp-content\/uploads\/2025\/07\/InPost-Paczkomat-logo-kwadrat_0-16x12.png 16w\" sizes=\"(max-width: 123px) 100vw, 123px\" \/><\/td><td>InPost parcel lockers\/to a collection point<\/td><td>17 z\u0142<\/td><td>free of charge<\/td><\/tr><tr><td>\u00a0<\/td><td>\u00a0<\/td><td>\u00a0<\/td><td>\u00a0<\/td><\/tr><tr><td><img decoding=\"async\" class=\"alignnone size-full wp-image-7899\" src=\"https:\/\/sklep.futurebody.pl\/wp-content\/uploads\/2025\/07\/logo_Kurier.png\" alt=\"inpost kurier\" width=\"123\" height=\"102\" srcset=\"https:\/\/sklep.futurebody.pl\/wp-content\/uploads\/2025\/07\/logo_Kurier.png 123w, https:\/\/sklep.futurebody.pl\/wp-content\/uploads\/2025\/07\/logo_Kurier-14x12.png 14w\" sizes=\"(max-width: 123px) 100vw, 123px\" \/><\/td><td>InPost Courier Service<\/td><td>23 z\u0142<\/td><td>free of charge<\/td><\/tr><\/tbody><\/table>\t\t\t\t\t\t\t\t<\/div>\n\t\t\t\t<\/div>\n\t\t\t\t\t<\/div>\n\t\t\t\t<\/div>\n\t\t\t\t<\/div>","protected":false},"excerpt":{"rendered":"<p>Darmowa dostawa od kwoty 200 z\u0142.Dostawa tylko i wy\u0142\u0105cznie na terenie Polski. Darmowy odbi\u00f3r w Futurebody, Wroc\u0142aw, ul. Robotnicza 66A. Metoda dostawy \u00a0 Koszt dla zam\u00f3wie\u0144 do 199z\u0142 Koszt dla zam\u00f3wie\u0144 od 200z\u0142 InPost paczkomaty\/do punktu 17 z\u0142 darmowa \u00a0 \u00a0 \u00a0 \u00a0 InPost kurier 23 z\u0142 darmowa<\/p>","protected":false},"author":1,"featured_media":0,"parent":0,"menu_order":0,"comment_status":"closed","ping_status":"closed","template":"template-fullwidth.php","meta":{"footnotes":""},"class_list":["post-7895","page","type-page","status-publish","hentry"],"_links":{"self":[{"href":"https:\/\/sklep.futurebody.pl\/en\/wp-json\/wp\/v2\/pages\/7895","targetHints":{"allow":["GET"]}}],"collection":[{"href":"https:\/\/sklep.futurebody.pl\/en\/wp-json\/wp\/v2\/pages"}],"about":[{"href":"https:\/\/sklep.futurebody.pl\/en\/wp-json\/wp\/v2\/types\/page"}],"author":[{"embeddable":true,"href":"https:\/\/sklep.futurebody.pl\/en\/wp-json\/wp\/v2\/users\/1"}],"replies":[{"embeddable":true,"href":"https:\/\/sklep.futurebody.pl\/en\/wp-json\/wp\/v2\/comments?post=7895"}],"version-history":[{"count":0,"href":"https:\/\/sklep.futurebody.pl\/en\/wp-json\/wp\/v2\/pages\/7895\/revisions"}],"wp:attachment":[{"href":"https:\/\/sklep.futurebody.pl\/en\/wp-json\/wp\/v2\/media?parent=7895"}],"curies":[{"name":"wp","href":"https:\/\/api.w.org\/{rel}","templated":true}]}}