{"id":7225,"date":"2025-04-06T15:10:48","date_gmt":"2025-04-06T13:10:48","guid":{"rendered":"https:\/\/sklep.futurebody.pl\/?post_type=product&#038;p=7225"},"modified":"2026-05-06T11:37:03","modified_gmt":"2026-05-06T09:37:03","slug":"pure-whey-100","status":"publish","type":"product","link":"https:\/\/sklep.futurebody.pl\/en\/product\/pure-whey-100\/","title":{"rendered":"Pure Whey 100%"},"content":{"rendered":"<p>DOST\u0118PNE R\u00d3\u017bNE SMAKI<\/p>\n\n\n\n<ul class=\"wp-block-list\">\n<li>smak czekoladowy jest wytwarzany z autentycznego holenderskiego kakao<\/li>\n\n\n\n<li>smak truskawkowy jest wykonany z delikatnych, nieprzetwarzanych sk\u0142adnik\u00f3w, kt\u00f3re s\u0105 tworzone z naturalnych sk\u0142adnik\u00f3w<\/li>\n\n\n\n<li>smak waniliowy zawiera autentyczn\u0105 chi\u0144skiej wanili\u0119<\/li>\n\n\n\n<li>smak malinowy jest wytworzony z delikatnych owoc\u00f3w, niearomatyzowany!<\/li>\n<\/ul>\n\n\n\n<p>THIS HIGH QUALITY PRODUCT IS RECOMMENDED FOR ANYONE WHO IS PHYSICALLY ACTIVE, INCLUDING ATHLETES, AND HELPS TO GROWN AND MAINTAIN MUSCLE MASS. THE PROTEIN IN PURE WHEY 100% REPAIRS AND REBUILDS MUSCLE.<\/p>\n\n\n\n<p><strong>INGREDIENTS<\/strong>I: KONCENTRAT BIA\u0141KA SERWATKOWEGO (Z MLEKA), IZOLAT BIA\u0141KA SERWATKOWEGO (Z MLEKA), KAKAO W PROSZKU, AROMATY, LECYTYNA S\u0141ONECZNIKOWA, EMUSIFER: KARBOKSYMETYLOCELULOZA, ZAG\u0118STNIKI: GUMA GUAR, GUMA KSANTANOWA, S\u00d3L, SUBSTANCJE S\u0141ODZ\u0104CE: SUKRALOZA, ACESLFAM K.<\/p>\n\n\n\n<p><br>Allergen information: POSSIBLE UNINTENTIONAL QUANTITIES OF GLUTEN, EGGS, SE- SAME SEEDS, NUTS, CELERY, SULPHITES.<\/p>\n\n\n\n<p><br><strong>RECOMMENDED USE<\/strong>: PURE WHEY 100% IS DESIGNED FOR EASY MIXING. SIMPLY ADD ONE ROUNDED SCOOP (30G) TO 180-240ML OF COLD WATER AND BLEND OR SHAKE UNTIL POWDER IS COMPLETELY DISSOLVED. DO NOT EXCEED THE RECOMMENDED DAILY DOSE. CONSUME 1-3 TIMES A DAY \u2013 BEFORE BREAKFAST, BETWEEN MEALS, AFTER EXERCISING, OR BEFORE GOING TO SLEEP. FOOD SUPPLEMENTS SHOULD NOT REPLACE A BALANCED DIET.<\/p>\n\n\n\n<p><br>DATA WA\u017bNO\u015aCI: 24 miesi\u0105ce od daty produkcji, je\u015bli jest przechowywany w powy\u017cszych warunkach.<\/p>\n\n\n\n<p><br><strong>STORAGE CONDITIONS<\/strong>: Przechowywa\u0107 w szczelnie zamkni\u0119tym, oryginalnym opakowaniu, w temperaturze pokojowej, chroni\u0107 przed \u015bwiat\u0142em. Przechowywa\u0107 w miejscu niedost\u0119pnym dla dzieci.<\/p>\n\n\n\n<table class=\"gdekla\">\n    <tr>\n        <th>PARAMETER RESULT<\/th>\n        <th> (MG\/G)<\/th>\n    <\/tr>\n    <tr>\n        <td>ASPARTIC ACID (ASP)<\/td>\n        <td>93,9<\/td>\n    <\/tr>\n    <tr>\n        <td>THREONINE (THR) <\/td>\n        <td>67,1<\/td>\n    <\/tr>\n    <tr>\n        <td>SERINE (SER)<\/td>\n        <td>43,3<\/td>\n    <\/tr>\n    <tr>\n        <td>GLUTAMIC ACID (GLU)<\/td>\n        <td>161,2<\/td>\n    <\/tr>\n    <tr>\n        <td>PROLINE (PRO)<\/td>\n        <td>58,8<\/td>\n    <\/tr>\n    <tr>\n        <td>PROLINE (PRO)<\/td>\n        <td>15,2<\/td>\n    <\/tr>\n    <tr>\n        <td>ALANINE (ALA)<\/td>\n        <td>42,8<\/td>\n    <\/tr>\n    <tr>\n        <td>CYSTEIC ACID (CYS) <\/td>\n        <td>47,4<\/td>\n    <\/tr>\n    <tr>\n        <td>VALINE (VAL)<\/td>\n        <td>50,4<\/td>\n    <\/tr>\n    <tr>\n        <td>METIONINE SULFONE (SULF. MET)<\/td>\n        <td>28<\/td>\n    <\/tr>\n    <tr>\n        <td>ISOLEUCINE (ILE)<\/td>\n        <td>49,1<\/td>\n    <\/tr>\n    <tr>\n        <td>LEUCINE (LEU) <\/td>\n        <td>87,8<\/td>\n    <\/tr>\n    <tr>\n        <td>TYROSINE (TYR) <\/td>\n        <td>22,7<\/td>\n    <\/tr>\n    <tr>\n        <td>PHENYLANINE (PHE) <\/td>\n        <td>25,6<\/td>\n    <\/tr>\n    <tr>\n        <td>HISTIDINE (HIS)<\/td>\n        <td>14,9<\/td>\n    <\/tr>\n    <tr>\n        <td>LYSINE (LYS) <\/td>\n        <td>83,6<\/td>\n    <\/tr>\n    <tr>\n        <td>ARGININE (ARG)<\/td>\n        <td>22,7<\/td>\n    <\/tr>\n    <tr>\n        <td>TRYPTOFAN (TRP)<\/td>\n        <td>8,74<\/td>\n    <\/tr>\n<\/table>\n\n\n\n<table class=\"gdekla\">\n    <tr>\n        <th>MICRO AND MACROELEMENTS<\/td>\n        <th>(MG\/100 G OF PRODUCT)<\/td>\n    <\/tr>\n    <tr>\n        <td>CALCIUM (Ca)<\/td>\n        <td>380<\/td>\n    <\/tr>\n    <tr>\n        <td>MAGNESIUM (Mg)<\/td>\n        <td>60<\/td>\n    <\/tr>\n    <tr>\n        <td>SODIUM (Na)<\/td>\n        <td>210<\/td>\n    <\/tr>\n    <tr>\n        <td>POTASIUM (K) <\/td>\n        <td>380<\/td>\n    <\/tr>\n    <tr>\n        <td>CHLORIDE (Cl)<\/td>\n        <td>60<\/td>\n    <\/tr>\n    <tr>\n        <td>PHOSPHORUS (P)<\/td>\n        <td>310<\/td>\n    <\/tr>\n    <tr>\n        <td>MANGANESE (Mn)<\/td>\n        <td>70<\/td>\n    <\/tr>\n    <tr>\n        <td>IRON (Fe)<\/td>\n        <td>0,9<\/td>\n    <\/tr>\n<\/table>\n\n\n\n<table class=\"gdekla\">\n    <tr>\n        <th>NUTRITION DECLARATION\u00a0\u00a0<\/td>\n        <th>PER PORTION (30 G)<\/td>\n        <th>PER 100 G<\/td>\n    <\/tr>\n    <tr>\n        <td>ENERGY<\/td>\n        <td>474 KJ\/ 113,4 KCAL<\/td>\n        <td>1581 KJ\/ 377,8 KCAL<\/td>\n    <\/tr>\n    <tr>\n        <td>FAT<\/td>\n        <td>1,26 G<\/td>\n        <td>4,2 G<\/td>\n    <\/tr>\n    <tr>\n        <td>OF WHICH SATURATED<\/td>\n        <td>0,93 G<\/td>\n        <td>3,1 G<\/td>\n    <\/tr>\n    <tr>\n        <td>CARBOHYDRATES\u00a0\u00a0<\/td>\n        <td>1,5 G<\/td>\n        <td>5 G<\/td>\n    <\/tr>\n    <tr>\n        <td>OF WHICH SUGARS\u00a0<\/td>\n        <td>0,9 G\u00a0<\/td>\n        <td>3 G<\/td>\n    <\/tr>\n    <tr>\n        <td>PROTEIN\u00a0<\/td>\n        <td>24 G\u00a0<\/td>\n        <td>80 G<\/td>\n    <\/tr>\n    <tr>\n        <td>SALT<\/td>\n        <td>0,157 g\u00a0<\/td>\n        <td>0,525 G<\/td>\n    <\/tr>\n<\/table>","protected":false},"excerpt":{"rendered":"<p>URE WHEY 100% IS A HIGHLY NUTRITIONAL BLEND OF WHEY PROTEIN CONCENTRATE AND WHEY PROTEIN ISOLATE.<\/p>","protected":false},"featured_media":7335,"comment_status":"open","ping_status":"closed","template":"","meta":[],"product_brand":[62],"product_cat":[54],"product_tag":[],"class_list":{"0":"post-7225","1":"product","2":"type-product","3":"status-publish","4":"has-post-thumbnail","6":"product_brand-futurebody","7":"product_cat-suplementy","9":"first","10":"instock","11":"shipping-taxable","12":"purchasable","13":"product-type-variable","14":"has-default-attributes"},"_links":{"self":[{"href":"https:\/\/sklep.futurebody.pl\/en\/wp-json\/wp\/v2\/product\/7225","targetHints":{"allow":["GET"]}}],"collection":[{"href":"https:\/\/sklep.futurebody.pl\/en\/wp-json\/wp\/v2\/product"}],"about":[{"href":"https:\/\/sklep.futurebody.pl\/en\/wp-json\/wp\/v2\/types\/product"}],"replies":[{"embeddable":true,"href":"https:\/\/sklep.futurebody.pl\/en\/wp-json\/wp\/v2\/comments?post=7225"}],"wp:featuredmedia":[{"embeddable":true,"href":"https:\/\/sklep.futurebody.pl\/en\/wp-json\/wp\/v2\/media\/7335"}],"wp:attachment":[{"href":"https:\/\/sklep.futurebody.pl\/en\/wp-json\/wp\/v2\/media?parent=7225"}],"wp:term":[{"taxonomy":"product_brand","embeddable":true,"href":"https:\/\/sklep.futurebody.pl\/en\/wp-json\/wp\/v2\/product_brand?post=7225"},{"taxonomy":"product_cat","embeddable":true,"href":"https:\/\/sklep.futurebody.pl\/en\/wp-json\/wp\/v2\/product_cat?post=7225"},{"taxonomy":"product_tag","embeddable":true,"href":"https:\/\/sklep.futurebody.pl\/en\/wp-json\/wp\/v2\/product_tag?post=7225"}],"curies":[{"name":"wp","href":"https:\/\/api.w.org\/{rel}","templated":true}]}}