{"id":7372,"date":"2025-03-29T01:50:25","date_gmt":"2025-03-29T00:50:25","guid":{"rendered":"https:\/\/sklep.futurebody.pl\/?post_type=product&#038;p=7372"},"modified":"2025-12-28T12:57:12","modified_gmt":"2025-12-28T11:57:12","slug":"kreatynina","status":"publish","type":"product","link":"https:\/\/sklep.futurebody.pl\/en\/product\/kreatynina\/","title":{"rendered":"Creatyna"},"content":{"rendered":"<p>CREATINE MONOHYDRATE POWDER, FOOD INTENDED TO MEET THE EXPENDITURE OF INTENSE MUSCULAR EFFORT, ESPECIALLY FOR SPORTS PEOPLE. THE PRODUCT DELIVERS PURE PHARMACEUTICAL GRADE CREATINE MONOHYDRATE. CONSUM- PTION OF CREATINE INCREASES PHYSICAL PERFORMANCE DURING SHORTTERM, HIGH INTENSITY, REPEATED EXERCISE BOUTS (REFERS TO THE DAILY INTAKE OF 5 G CREATINE).<br>SPO\u017bYCIE KREATYNY ZWI\u0118KSZA WYDOLNO\u015a\u0106 FIZYCZN\u0104 PODCZAS KR\u00d3TKOTRWA\u0141YCH, POWTARZAJ\u0104CYCH SI\u0118 \u0106WICZE\u0143 O WYSOKIEJ INTENSYWNO\u015aCI (DOTYCZY DZIENNEGO SPO\u017bYCIA 5 G KREATYNY).<\/p>\n\n\n\n<p>RECOMMENDED USE<\/p>\n\n\n\n<p>TAKE 5 G OF POWDER PER DAY DURING TRAINING ON COMPETITION DAYS OR AT THE SAME TIME DURING NON-TRAINING DAYS. ADD 5 G (1 SCOOP) OF POWDER TO 200-250 ML OF WATER. AN INCREASE OF WEIGHT MAY HAPPEN. NOT SUITABLE FOR CHILDREN AND YOUNG PERSONS. KEEP OUT OF REACH OF CHILDREN. A VARIED AND BALANCED DIET AND A HEALTHY LIFE-STYLE ARE RECOMMENDED.<\/p>\n\n\n\n<p>STORAGE:<\/p>\n\n\n\n<p>STORE PRODUCT TIGHTLY CLOSED BETWEEN 5-25\u00b0C (41-77\u00b0F) AND THE RELATIVE HUMIDITY BELOW 60%. KEEP AWAY FROM DIRECT HEAT, MOISTURE AND SUNLIGHT.<\/p>\n\n\n\n<p>DO NOT EXCEED THE RECOMMENDED DAILY DOSE. FOOD SUPPLEMENTS SHOULD NOT BE USED AS A SUBSTITUTE FOR A VARIED AND BALANCED DIET.<\/p>","protected":false},"excerpt":{"rendered":"<p>Ingestion of creatine increases physical performance during short-term, repetitive high-intensity exercise (refers to a daily intake of 5 g of creatine).<\/p>","protected":false},"featured_media":7373,"comment_status":"open","ping_status":"closed","template":"","meta":[],"product_brand":[62],"product_cat":[54],"product_tag":[],"class_list":{"0":"post-7372","1":"product","2":"type-product","3":"status-publish","4":"has-post-thumbnail","6":"product_brand-futurebody","7":"product_cat-suplementy","9":"first","10":"instock","11":"shipping-taxable","12":"purchasable","13":"product-type-variable","14":"has-default-attributes"},"_links":{"self":[{"href":"https:\/\/sklep.futurebody.pl\/en\/wp-json\/wp\/v2\/product\/7372","targetHints":{"allow":["GET"]}}],"collection":[{"href":"https:\/\/sklep.futurebody.pl\/en\/wp-json\/wp\/v2\/product"}],"about":[{"href":"https:\/\/sklep.futurebody.pl\/en\/wp-json\/wp\/v2\/types\/product"}],"replies":[{"embeddable":true,"href":"https:\/\/sklep.futurebody.pl\/en\/wp-json\/wp\/v2\/comments?post=7372"}],"wp:featuredmedia":[{"embeddable":true,"href":"https:\/\/sklep.futurebody.pl\/en\/wp-json\/wp\/v2\/media\/7373"}],"wp:attachment":[{"href":"https:\/\/sklep.futurebody.pl\/en\/wp-json\/wp\/v2\/media?parent=7372"}],"wp:term":[{"taxonomy":"product_brand","embeddable":true,"href":"https:\/\/sklep.futurebody.pl\/en\/wp-json\/wp\/v2\/product_brand?post=7372"},{"taxonomy":"product_cat","embeddable":true,"href":"https:\/\/sklep.futurebody.pl\/en\/wp-json\/wp\/v2\/product_cat?post=7372"},{"taxonomy":"product_tag","embeddable":true,"href":"https:\/\/sklep.futurebody.pl\/en\/wp-json\/wp\/v2\/product_tag?post=7372"}],"curies":[{"name":"wp","href":"https:\/\/api.w.org\/{rel}","templated":true}]}}