{"id":7895,"date":"2025-07-23T23:07:56","date_gmt":"2025-07-23T21:07:56","guid":{"rendered":"https:\/\/sklep.futurebody.pl\/?page_id=7895"},"modified":"2025-07-23T23:31:10","modified_gmt":"2025-07-23T21:31:10","slug":"dostawa","status":"publish","type":"page","link":"https:\/\/sklep.futurebody.pl\/uk\/dostawa\/","title":{"rendered":"Dostawa"},"content":{"rendered":"<div data-elementor-type=\"wp-page\" data-elementor-id=\"7895\" class=\"elementor elementor-7895\">\n\t\t\t\t<div class=\"elementor-element elementor-element-cfbbad5 e-flex e-con-boxed e-con e-parent\" data-id=\"cfbbad5\" data-element_type=\"container\">\n\t\t\t\t\t<div class=\"e-con-inner\">\n\t\t\t\t<div class=\"elementor-element elementor-element-106a259 elementor-widget elementor-widget-text-editor\" data-id=\"106a259\" data-element_type=\"widget\" data-widget_type=\"text-editor.default\">\n\t\t\t\t<div class=\"elementor-widget-container\">\n\t\t\t\t\t\t\t\t\t<p>\u0411\u0435\u0437\u043a\u043e\u0448\u0442\u043e\u0432\u043d\u0430 \u0434\u043e\u0441\u0442\u0430\u0432\u043a\u0430 \u0434\u043b\u044f \u0437\u0430\u043c\u043e\u0432\u043b\u0435\u043d\u044c \u043f\u043e\u043d\u0430\u0434 <b>200 z\u0142.<\/b><br \/>\u0414\u043e\u0441\u0442\u0430\u0432\u043a\u0430 \u0442\u0456\u043b\u044c\u043a\u0438 \u043f\u043e \u0442\u0435\u0440\u0438\u0442\u043e\u0440\u0456\u0457 \u041f\u043e\u043b\u044c\u0449\u0456.<\/p><p>\u0411\u0435\u0437\u043a\u043e\u0448\u0442\u043e\u0432\u043d\u0438\u0439 \u0432\u0456\u0434\u0431\u0456\u0440 \u0443 Futurebody, \u0412\u0440\u043e\u0446\u043b\u0430\u0432, \u0432\u0443\u043b. Robotnicza 66A.<\/p>\t\t\t\t\t\t\t\t<\/div>\n\t\t\t\t<\/div>\n\t\t\t\t<div class=\"elementor-element elementor-element-5743719 elementor-widget elementor-widget-text-editor\" data-id=\"5743719\" data-element_type=\"widget\" data-widget_type=\"text-editor.default\">\n\t\t\t\t<div class=\"elementor-widget-container\">\n\t\t\t\t\t\t\t\t\t<table class=\"gdekla\"><tbody><tr><td>\u0421\u043f\u043e\u0441\u0456\u0431 \u0434\u043e\u0441\u0442\u0430\u0432\u043a\u0438<\/td><td>\u00a0<\/td><td>\u0412\u0430\u0440\u0442\u0456\u0441\u0442\u044c \u0437\u0430\u043c\u043e\u0432\u043b\u0435\u043d\u044c \u0434\u043e 199 \u0437\u043b\u043e\u0442\u0438\u0445<\/td><td>\u0412\u0430\u0440\u0442\u0456\u0441\u0442\u044c \u0434\u043b\u044f \u0437\u0430\u043c\u043e\u0432\u043b\u0435\u043d\u044c \u043f\u043e\u043d\u0430\u0434 200 \u0437\u043b\u043e\u0442\u0438\u0445<\/td><\/tr><tr><td><img decoding=\"async\" class=\"alignnone size-full wp-image-7898\" src=\"https:\/\/sklep.futurebody.pl\/wp-content\/uploads\/2025\/07\/InPost-Paczkomat-logo-kwadrat_0.png\" alt=\"InPost Paczkomat\" width=\"123\" height=\"95\" srcset=\"https:\/\/sklep.futurebody.pl\/wp-content\/uploads\/2025\/07\/InPost-Paczkomat-logo-kwadrat_0.png 123w, https:\/\/sklep.futurebody.pl\/wp-content\/uploads\/2025\/07\/InPost-Paczkomat-logo-kwadrat_0-16x12.png 16w\" sizes=\"(max-width: 123px) 100vw, 123px\" \/><\/td><td>\u041f\u043e\u0448\u0442\u043e\u0432\u0456 \u0441\u043a\u0440\u0438\u043d\u044c\u043a\u0438 InPost\/\u0434\u043e \u043f\u0443\u043d\u043a\u0442\u0443 \u0432\u0438\u0434\u0430\u0447\u0456<\/td><td>17 z\u0142<\/td><td>\u0431\u0435\u0437\u043a\u043e\u0448\u0442\u043e\u0432\u043d\u0438\u0439<\/td><\/tr><tr><td>\u00a0<\/td><td>\u00a0<\/td><td>\u00a0<\/td><td>\u00a0<\/td><\/tr><tr><td><img decoding=\"async\" class=\"alignnone size-full wp-image-7899\" src=\"https:\/\/sklep.futurebody.pl\/wp-content\/uploads\/2025\/07\/logo_Kurier.png\" alt=\"inpost kurier\" width=\"123\" height=\"102\" srcset=\"https:\/\/sklep.futurebody.pl\/wp-content\/uploads\/2025\/07\/logo_Kurier.png 123w, https:\/\/sklep.futurebody.pl\/wp-content\/uploads\/2025\/07\/logo_Kurier-14x12.png 14w\" sizes=\"(max-width: 123px) 100vw, 123px\" \/><\/td><td>InPost \u043a\u0443\u0440'\u0454\u0440<\/td><td>23 z\u0142<\/td><td>\u0431\u0435\u0437\u043a\u043e\u0448\u0442\u043e\u0432\u043d\u0438\u0439<\/td><\/tr><\/tbody><\/table>\t\t\t\t\t\t\t\t<\/div>\n\t\t\t\t<\/div>\n\t\t\t\t\t<\/div>\n\t\t\t\t<\/div>\n\t\t\t\t<\/div>","protected":false},"excerpt":{"rendered":"<p>Darmowa dostawa od kwoty 200 z\u0142.Dostawa tylko i wy\u0142\u0105cznie na terenie Polski. Darmowy odbi\u00f3r w Futurebody, Wroc\u0142aw, ul. Robotnicza 66A. Metoda dostawy \u00a0 Koszt dla zam\u00f3wie\u0144 do 199z\u0142 Koszt dla zam\u00f3wie\u0144 od 200z\u0142 InPost paczkomaty\/do punktu 17 z\u0142 darmowa \u00a0 \u00a0 \u00a0 \u00a0 InPost kurier 23 z\u0142 darmowa<\/p>","protected":false},"author":1,"featured_media":0,"parent":0,"menu_order":0,"comment_status":"closed","ping_status":"closed","template":"template-fullwidth.php","meta":{"footnotes":""},"class_list":["post-7895","page","type-page","status-publish","hentry"],"_links":{"self":[{"href":"https:\/\/sklep.futurebody.pl\/uk\/wp-json\/wp\/v2\/pages\/7895","targetHints":{"allow":["GET"]}}],"collection":[{"href":"https:\/\/sklep.futurebody.pl\/uk\/wp-json\/wp\/v2\/pages"}],"about":[{"href":"https:\/\/sklep.futurebody.pl\/uk\/wp-json\/wp\/v2\/types\/page"}],"author":[{"embeddable":true,"href":"https:\/\/sklep.futurebody.pl\/uk\/wp-json\/wp\/v2\/users\/1"}],"replies":[{"embeddable":true,"href":"https:\/\/sklep.futurebody.pl\/uk\/wp-json\/wp\/v2\/comments?post=7895"}],"version-history":[{"count":0,"href":"https:\/\/sklep.futurebody.pl\/uk\/wp-json\/wp\/v2\/pages\/7895\/revisions"}],"wp:attachment":[{"href":"https:\/\/sklep.futurebody.pl\/uk\/wp-json\/wp\/v2\/media?parent=7895"}],"curies":[{"name":"wp","href":"https:\/\/api.w.org\/{rel}","templated":true}]}}