{"id":7225,"date":"2025-04-06T15:10:48","date_gmt":"2025-04-06T13:10:48","guid":{"rendered":"https:\/\/sklep.futurebody.pl\/?post_type=product&#038;p=7225"},"modified":"2026-05-06T11:37:03","modified_gmt":"2026-05-06T09:37:03","slug":"pure-whey-100","status":"publish","type":"product","link":"https:\/\/sklep.futurebody.pl\/uk\/produkt\/pure-whey-100\/","title":{"rendered":"Pure Whey 100%"},"content":{"rendered":"<p>DOST\u0118PNE R\u00d3\u017bNE SMAKI<\/p>\n\n\n\n<ul class=\"wp-block-list\">\n<li>smak czekoladowy jest wytwarzany z autentycznego holenderskiego kakao<\/li>\n\n\n\n<li>smak truskawkowy jest wykonany z delikatnych, nieprzetwarzanych sk\u0142adnik\u00f3w, kt\u00f3re s\u0105 tworzone z naturalnych sk\u0142adnik\u00f3w<\/li>\n\n\n\n<li>smak waniliowy zawiera autentyczn\u0105 chi\u0144skiej wanili\u0119<\/li>\n\n\n\n<li>smak malinowy jest wytworzony z delikatnych owoc\u00f3w, niearomatyzowany!<\/li>\n<\/ul>\n\n\n\n<p>\u0426\u0415\u0419 \u0412\u0418\u0421\u041e\u041a\u041e\u042f\u041a\u0406\u0421\u041d\u0418\u0419 \u041f\u0420\u041e\u0414\u0423\u041a\u0422 \u0420\u0415\u041a\u041e\u041c\u0415\u041d\u0414\u0423\u0404\u0422\u042c\u0421\u042f \u0412\u0421\u0406\u041c, \u0425\u0422\u041e \u0424\u0406\u0417\u0418\u0427\u041d\u041e \u0410\u041a\u0422\u0418\u0412\u041d\u0418\u0419, \u0412 \u0422\u041e\u041c\u0423 \u0427\u0418\u0421\u041b\u0406 \u0421\u041f\u041e\u0420\u0422\u0421\u041c\u0415\u041d\u0410\u041c, \u0406 \u0421\u041f\u0420\u0418\u042f\u0404 \u0417\u0411\u0406\u041b\u042c\u0428\u0415\u041d\u041d\u042e \u0406 \u041f\u0406\u0414\u0422\u0420\u0418\u041c\u0426\u0406 \u041c'\u042f\u0417\u041e\u0412\u041e\u0407 \u041c\u0410\u0421\u0418. \u0411\u0406\u041b\u041e\u041a, \u0429\u041e \u041c\u0406\u0421\u0422\u0418\u0422\u042c\u0421\u042f \u0412 \u0427\u0418\u0421\u0422\u0406\u0419 \u0421\u0418\u0420\u041e\u0412\u0410\u0422\u0426\u0406, \u041d\u0410 100% \u0412\u0406\u0414\u041d\u041e\u0412\u041b\u042e\u0404 \u0422\u0410 \u0412\u0406\u0414\u041d\u041e\u0412\u041b\u042e\u0404 \u041c'\u042f\u0417\u0418.<\/p>\n\n\n\n<p><strong>SK\u0141ADNIK<\/strong>I: KONCENTRAT BIA\u0141KA SERWATKOWEGO (Z MLEKA), IZOLAT BIA\u0141KA SERWATKOWEGO (Z MLEKA), KAKAO W PROSZKU, AROMATY, LECYTYNA S\u0141ONECZNIKOWA, EMUSIFER: KARBOKSYMETYLOCELULOZA, ZAG\u0118STNIKI: GUMA GUAR, GUMA KSANTANOWA, S\u00d3L, SUBSTANCJE S\u0141ODZ\u0104CE: SUKRALOZA, ACESLFAM K.<\/p>\n\n\n\n<p><br>Informacje o alergenach: MO\u017bLIWE NIEZAMIERZONE ILO\u015aCI GLUTENU, JAJ, NASION, ORZECH\u00d3W, SELERA, SIARCZYN\u00d3W.<\/p>\n\n\n\n<p><br><strong>\u0420\u0415\u041a\u041e\u041c\u0415\u041d\u0414\u041e\u0412\u0410\u041d\u0415 \u0412\u0418\u041a\u041e\u0420\u0418\u0421\u0422\u0410\u041d\u041d\u042f<\/strong>: PURE WHEY 100% JEST PRZEZNACZONY DO \u0141ATWEGO MIESZANIA. WYSTARCZY DODA\u0106 JEDN\u0104 ZAOKR\u0104GLON\u0104 MIARK\u0118 (30 G) DO 180-240 ML ZIMNEJ WODY I WYMIESZA\u0106 LUB WSTRZ\u0104SN\u0104\u0106 DO CA\u0141KOWITEGO ROZPUSZCZENIA PROSZKU. NIE PRZEKRACZA\u0106 ZALECANEJ DZIENNEJ DAWKI. SPO\u017bYWA\u0106 1-3 RAZY DZIENNIE &#8211; PRZED \u015aNIADANIEM, MI\u0118DZY POSI\u0141KAMI, PO \u0106WICZENIACH LUB PRZED SNEM. SUPLEMENTY DIETY NIE POWINNY ZAST\u0118POWA\u0106 ZBILANSOWANEJ DIETY.<\/p>\n\n\n\n<p><br>DATA WA\u017bNO\u015aCI: 24 miesi\u0105ce od daty produkcji, je\u015bli jest przechowywany w powy\u017cszych warunkach.<\/p>\n\n\n\n<p><br><strong>\u0423\u041c\u041e\u0412\u0418 \u0417\u0411\u0415\u0420\u0406\u0413\u0410\u041d\u041d\u042f<\/strong>: Przechowywa\u0107 w szczelnie zamkni\u0119tym, oryginalnym opakowaniu, w temperaturze pokojowej, chroni\u0107 przed \u015bwiat\u0142em. Przechowywa\u0107 w miejscu niedost\u0119pnym dla dzieci.<\/p>\n\n\n\n<table class=\"gdekla\">\n    <tr>\n        <th>\u0420\u0415\u0417\u0423\u041b\u042c\u0422\u0410\u0422 \u041f\u0410\u0420\u0410\u041c\u0415\u0422\u0420\u0410<\/th>\n        <th> (\u041c\u0413\/\u0413)<\/th>\n    <\/tr>\n    <tr>\n        <td>\u0410\u0421\u041f\u0410\u0420\u0410\u0413\u0406\u041d\u041e\u0412\u0410 \u041a\u0418\u0421\u041b\u041e\u0422\u0410 (ASP)<\/td>\n        <td>93,9<\/td>\n    <\/tr>\n    <tr>\n        <td>\u0422\u0420\u0415\u041e\u041d\u0406\u041d (THR) <\/td>\n        <td>67,1<\/td>\n    <\/tr>\n    <tr>\n        <td>\u0421\u0415\u0420\u0418\u041d\u0410 (SER)<\/td>\n        <td>43,3<\/td>\n    <\/tr>\n    <tr>\n        <td>\u0413\u041b\u0423\u0422\u0410\u041c\u0406\u041d\u041e\u0412\u0410 \u041a\u0418\u0421\u041b\u041e\u0422\u0410 (GLU)<\/td>\n        <td>161,2<\/td>\n    <\/tr>\n    <tr>\n        <td>PROLINA (PRO)<\/td>\n        <td>58,8<\/td>\n    <\/tr>\n    <tr>\n        <td>GLICYNA (GLY)<\/td>\n        <td>15,2<\/td>\n    <\/tr>\n    <tr>\n        <td>ALANINA (ALA)<\/td>\n        <td>42,8<\/td>\n    <\/tr>\n    <tr>\n        <td>KWAS CYSTEINOWY (CYS) <\/td>\n        <td>47,4<\/td>\n    <\/tr>\n    <tr>\n        <td>WALINA (VAL)<\/td>\n        <td>50,4<\/td>\n    <\/tr>\n    <tr>\n        <td>SULFON METIONINY (SULF. MET)<\/td>\n        <td>28<\/td>\n    <\/tr>\n    <tr>\n        <td>IZOLEUCYNA (ILE)<\/td>\n        <td>49,1<\/td>\n    <\/tr>\n    <tr>\n        <td>LEUCYNA (LEU) <\/td>\n        <td>87,8<\/td>\n    <\/tr>\n    <tr>\n        <td>TYROZYNA (TYR) <\/td>\n        <td>22,7<\/td>\n    <\/tr>\n    <tr>\n        <td>FENYLOANINA (PHE) <\/td>\n        <td>25,6<\/td>\n    <\/tr>\n    <tr>\n        <td>HISTYDYNA (HIS)<\/td>\n        <td>14,9<\/td>\n    <\/tr>\n    <tr>\n        <td>LYSINE <\/td>\n        <td>83,6<\/td>\n    <\/tr>\n    <tr>\n        <td>ARGININA (ARG)<\/td>\n        <td>22,7<\/td>\n    <\/tr>\n    <tr>\n        <td>TRYPTOFAN (TRP)<\/td>\n        <td>8,74<\/td>\n    <\/tr>\n<\/table>\n\n\n\n<table class=\"gdekla\">\n    <tr>\n        <th>\u041c\u0406\u041a\u0420\u041e- \u0422\u0410 \u041c\u0410\u041a\u0420\u041e\u0415\u041b\u0415\u041c\u0415\u041d\u0422\u0418<\/td>\n        <th>(\u041c\u0413\/100 \u0413 \u041f\u0420\u041e\u0414\u0423\u041a\u0422\u0423)<\/td>\n    <\/tr>\n    <tr>\n        <td>\u041a\u0410\u041b\u042c\u0426\u0406\u0419 (Ca)<\/td>\n        <td>380<\/td>\n    <\/tr>\n    <tr>\n        <td>MAGNEZ (Mg)<\/td>\n        <td>60<\/td>\n    <\/tr>\n    <tr>\n        <td>\u041d\u0410\u0414\u0406\u0419 (Na)<\/td>\n        <td>210<\/td>\n    <\/tr>\n    <tr>\n        <td>\u041a\u0410\u041b\u0406\u0419 (\u041a) <\/td>\n        <td>380<\/td>\n    <\/tr>\n    <tr>\n        <td>CHLOREK (Cl)<\/td>\n        <td>60<\/td>\n    <\/tr>\n    <tr>\n        <td>FOSFOR (P)<\/td>\n        <td>310<\/td>\n    <\/tr>\n    <tr>\n        <td>MANGAN (Mn)<\/td>\n        <td>70<\/td>\n    <\/tr>\n    <tr>\n        <td>\u0417\u0410\u041b\u0406\u0417\u041e (Fe)<\/td>\n        <td>0,9<\/td>\n    <\/tr>\n<\/table>\n\n\n\n<table class=\"gdekla\">\n    <tr>\n        <th>\u0414\u0415\u041a\u041b\u0410\u0420\u0410\u0426\u0406\u042f \u041f\u0420\u041e \u0425\u0410\u0420\u0427\u0423\u0412\u0410\u041d\u041d\u042f\u00a0\u00a0<\/td>\n        <th>\u041d\u0410 \u041f\u041e\u0420\u0426\u0406\u042e (30 \u0413)<\/td>\n        <th>\u041d\u0430 100 \u0433<\/td>\n    <\/tr>\n    <tr>\n        <td>\u0415\u041d\u0415\u0420\u0413\u0406\u042f<\/td>\n        <td>474 KJ\/ 113,4 KCAL<\/td>\n        <td>1581 KJ\/ 377,8 KCAL<\/td>\n    <\/tr>\n    <tr>\n        <td>\u0416\u0418\u0420\u0418<\/td>\n        <td>1,26 G<\/td>\n        <td>4,2 G<\/td>\n    <\/tr>\n    <tr>\n        <td>\u041d\u0410\u0421\u0418\u0427\u0415\u041d\u0406 \u0416\u0418\u0420\u0418<\/td>\n        <td>0,93 G<\/td>\n        <td>3,1 G<\/td>\n    <\/tr>\n    <tr>\n        <td>\u041a\u0410\u0420\u0411\u041e\u0413\u0406\u0414\u0420\u0410\u0422\u0418\u00a0\u00a0<\/td>\n        <td>1,5 G<\/td>\n        <td>5 G<\/td>\n    <\/tr>\n    <tr>\n        <td>\u0412\u041a\u041b\u042e\u0427\u0410\u042e\u0427\u0418 \u0426\u0423\u041a\u041e\u0420\u00a0<\/td>\n        <td>0,9 G\u00a0<\/td>\n        <td>3 G<\/td>\n    <\/tr>\n    <tr>\n        <td>\u041f\u0420\u041e\u0422\u0415\u0407\u041d\u00a0<\/td>\n        <td>24 G\u00a0<\/td>\n        <td>80 G<\/td>\n    <\/tr>\n    <tr>\n        <td>\u0421\u0406\u041b\u042c<\/td>\n        <td>0,157 g\u00a0<\/td>\n        <td>0,525 G<\/td>\n    <\/tr>\n<\/table>","protected":false},"excerpt":{"rendered":"<p>PURE WHEY 100% TO WYSOCE OD\u017bYWCZA MIESZANKA KONCENTRATU BIA\u0141KA SERWATKOWEGO I IZOLATU BIA\u0141KA SERWATKOWEGO.<\/p>","protected":false},"featured_media":7335,"comment_status":"open","ping_status":"closed","template":"","meta":[],"product_brand":[62],"product_cat":[54],"product_tag":[],"class_list":{"0":"post-7225","1":"product","2":"type-product","3":"status-publish","4":"has-post-thumbnail","6":"product_brand-futurebody","7":"product_cat-suplementy","9":"first","10":"instock","11":"shipping-taxable","12":"purchasable","13":"product-type-variable","14":"has-default-attributes"},"_links":{"self":[{"href":"https:\/\/sklep.futurebody.pl\/uk\/wp-json\/wp\/v2\/product\/7225","targetHints":{"allow":["GET"]}}],"collection":[{"href":"https:\/\/sklep.futurebody.pl\/uk\/wp-json\/wp\/v2\/product"}],"about":[{"href":"https:\/\/sklep.futurebody.pl\/uk\/wp-json\/wp\/v2\/types\/product"}],"replies":[{"embeddable":true,"href":"https:\/\/sklep.futurebody.pl\/uk\/wp-json\/wp\/v2\/comments?post=7225"}],"wp:featuredmedia":[{"embeddable":true,"href":"https:\/\/sklep.futurebody.pl\/uk\/wp-json\/wp\/v2\/media\/7335"}],"wp:attachment":[{"href":"https:\/\/sklep.futurebody.pl\/uk\/wp-json\/wp\/v2\/media?parent=7225"}],"wp:term":[{"taxonomy":"product_brand","embeddable":true,"href":"https:\/\/sklep.futurebody.pl\/uk\/wp-json\/wp\/v2\/product_brand?post=7225"},{"taxonomy":"product_cat","embeddable":true,"href":"https:\/\/sklep.futurebody.pl\/uk\/wp-json\/wp\/v2\/product_cat?post=7225"},{"taxonomy":"product_tag","embeddable":true,"href":"https:\/\/sklep.futurebody.pl\/uk\/wp-json\/wp\/v2\/product_tag?post=7225"}],"curies":[{"name":"wp","href":"https:\/\/api.w.org\/{rel}","templated":true}]}}